{"id":10468,"date":"2024-08-26T16:51:36","date_gmt":"2024-08-26T13:51:36","guid":{"rendered":"https:\/\/www.ranoja.ee\/?post_type=product&#038;p=10468"},"modified":"2025-12-12T14:50:30","modified_gmt":"2025-12-12T11:50:30","slug":"muru-lehekoguja-cedrus-sp31105-murutraktorile","status":"publish","type":"product","link":"https:\/\/ranoja.ee\/en\/toode\/muru-lehekoguja-cedrus-sp31105-murutraktorile\/","title":{"rendered":"Muru-lehekoguja CEDRUS SP31105 murutraktorile"},"content":{"rendered":"<p>Muru-lehekoguja CEDRUS SP31105 murutraktorile on oluline t\u00f6\u00f6riist aednikele ja koduomanikele, kes soovivad hoida oma murupinda korras ja tervena. S\u00fcgisel langevad puudelt lehed ja ka muudel aastaaegadel koguneb murule erinevat aiapr\u00fcgi, nagu oksad, muruj\u00e4\u00e4gid ja muu praht. Kui neid lehti ja pr\u00fcgi ei eemaldata, v\u00f5ivad need koguneda ja takistada muru kasvu, p\u00f5hjustades k\u00f5dunemist ja sambliku teket, mis kahjustab muru kvaliteeti.<\/p>\n<p>Muru-lehekoguja CEDRUS SP31105 murutraktorile on vajalik just selle \u00fclesande lihtsustamiseks. K\u00e4sitsi rehitsemine v\u00f5ib olla aegan\u00f5udev ja v\u00e4sitav, eriti suuremate alade puhul. Muru-lehekoguja v\u00f5imaldab aga kiiresti ja efektiivselt kokku koguda suure hulga lehti ja aiaprahti, s\u00e4\u00e4stes aega ja energiat. See t\u00f6\u00f6riist on eriti kasulik vanematele inimestele v\u00f5i neile, kellel on liikumisraskusi, kuna see v\u00e4hendab f\u00fc\u00fcsilist koormust.<\/p>\n<p>Muru-lehekoguja kasutamine aitab hoida murupinna tervena. Kui lehed ja praht eemaldatakse regulaarselt, saavad p\u00e4ikesevalgus, vesi ja toitained paremini murujuurteni j\u00f5uda, soodustades tugevat ja tervet muru. Lisaks aitab puhas ja hooldatud muruplats kaasa aia \u00fcldisele esteetilisele v\u00e4limusele, muutes selle nauditavamaks nii omanikule kui ka k\u00fclalistele.<\/p>\n<p>Kokkuv\u00f5ttes on muru-lehekoguja praktiline ja t\u00f5hus abivahend, mis lihtsustab aiat\u00f6id, tagab muru tervise ja parandab aia v\u00e4limust, s\u00e4\u00e4stes samal ajal aega ja vaeva.<\/p>\n<p>CEDRUS on \u00fcks suurimaid aiandusmasinate, t\u00f6\u00f6riistade ning metsandus tarvikute edasim\u00fc\u00fcjaid Poolas.<br \/>\nMeie eesm\u00e4rk on pakkuda klientidele k\u00f5rgeima kvaliteediga tooteid konkurentsiv\u00f5imeliste hindadega.<br \/>\nAlates 2016. aastast oleme arendanud ka oma kaubam\u00e4rgi all olevat tootesarja Cedrus.<br \/>\nHetkel pakume enam kui 100 t\u00fc\u00fcpi CEDRUS kaubam\u00e4rgi aia- ja ehitusmasinaid, samuti k\u00f5iki hooldustarvikuid ja varuosi.<br \/>\n<img decoding=\"async\" src=\"https:\/\/www.ranoja.ee\/wp-content\/uploads\/2023\/07\/cedrus-logo-vaike-1-300x99.png\" alt=\"\" width=\"300\" height=\"99\" class=\"alignnone size-medium wp-image-5896\" srcset=\"https:\/\/ranoja.ee\/wp-content\/uploads\/2023\/07\/cedrus-logo-vaike-1-300x99.png 300w, https:\/\/ranoja.ee\/wp-content\/uploads\/2023\/07\/cedrus-logo-vaike-1.png 431w\" sizes=\"(max-width: 300px) 100vw, 300px\" \/><\/p>\n","protected":false},"excerpt":{"rendered":"<p>Muru-lehekoguja CEDRUS SP31105 murutraktorile<br \/>\nLaius: 97cm<br \/>\nMahutavus: 340l<br \/>\nT\u00fc\u00fcp: Harjastega, murutraktori haakesse<br \/>\nKoguri materjal: Plastik<br \/>\n<strong>Seadme eeldatav tarneaeg 1-7 t\u00f6\u00f6p\u00e4eva<\/strong><\/p>\n[embed]https:\/\/youtube.com\/shorts\/95zcV0qBFSg?si=WEQkNIhy9eMkXd3x[\/embed]\n","protected":false},"featured_media":13743,"template":"","meta":{"inline_featured_image":false},"product_cat":[1079,903,1081],"product_tag":[1063,137,810,1062,1488,1489,558],"class_list":{"0":"post-10468","1":"product","2":"type-product","3":"status-publish","4":"has-post-thumbnail","6":"product_brand-cedrus","7":"product_cat-aiatehnika-ja-niidutehnika","8":"product_cat-lehepuhurid-ja-imurid","9":"product_cat-murutraktorid","10":"product_tag-aiahooldus","11":"product_tag-cedrus","12":"product_tag-imur","13":"product_tag-leheimur","14":"product_tag-muru-lehekogur","15":"product_tag-sp31105","16":"product_tag-tanavahari","18":"first","19":"instock","20":"taxable","21":"shipping-taxable","22":"purchasable","23":"product-type-simple"},"yoast_head":"<!-- This site is optimized with the Yoast SEO plugin v27.4 - https:\/\/yoast.com\/product\/yoast-seo-wordpress\/ -->\n<title>Muru-lehekoguja CEDRUS SP31105 murutraktorile<\/title>\n<meta name=\"description\" content=\"Laius: 97cm, Mahutavus: 340l, T\u00fc\u00fcp: Harjastega, murutraktori haakesse, Koguri materjal: Plastik, suured plastikust rattad\" \/>\n<meta name=\"robots\" content=\"index, follow, max-snippet:-1, max-image-preview:large, max-video-preview:-1\" \/>\n<link rel=\"canonical\" href=\"https:\/\/ranoja.ee\/toode\/muru-lehekoguja-cedrus-sp31105-murutraktorile\/\" \/>\n<meta property=\"og:locale\" content=\"en_US\" \/>\n<meta property=\"og:type\" content=\"article\" \/>\n<meta property=\"og:title\" content=\"Muru-lehekoguja CEDRUS SP31105 murutraktorile\" \/>\n<meta property=\"og:description\" content=\"Laius: 97cm, Mahutavus: 340l, T\u00fc\u00fcp: Harjastega, murutraktori haakesse, Koguri materjal: Plastik, suured plastikust rattad\" \/>\n<meta property=\"og:url\" content=\"https:\/\/ranoja.ee\/toode\/muru-lehekoguja-cedrus-sp31105-murutraktorile\/\" \/>\n<meta property=\"og:site_name\" content=\"Ranoja\" \/>\n<meta property=\"article:publisher\" content=\"https:\/\/www.facebook.com\/ranoja.ee\" \/>\n<meta property=\"article:modified_time\" content=\"2025-12-12T11:50:30+00:00\" \/>\n<meta property=\"og:image\" content=\"https:\/\/ranoja.ee\/wp-content\/uploads\/2024\/08\/Muru-lehekoguja-CEDRUS-SP31105-murutraktorile.jpg\" \/>\n\t<meta property=\"og:image:width\" content=\"800\" \/>\n\t<meta property=\"og:image:height\" content=\"581\" \/>\n\t<meta property=\"og:image:type\" content=\"image\/jpeg\" \/>\n<meta name=\"twitter:card\" content=\"summary_large_image\" \/>\n<meta name=\"twitter:label1\" content=\"Est. reading time\" \/>\n\t<meta name=\"twitter:data1\" content=\"2 minutes\" \/>\n<script type=\"application\/ld+json\" class=\"yoast-schema-graph\">{\"@context\":\"https:\\\/\\\/schema.org\",\"@graph\":[{\"@type\":\"WebPage\",\"@id\":\"https:\\\/\\\/ranoja.ee\\\/toode\\\/muru-lehekoguja-cedrus-sp31105-murutraktorile\\\/\",\"url\":\"https:\\\/\\\/ranoja.ee\\\/toode\\\/muru-lehekoguja-cedrus-sp31105-murutraktorile\\\/\",\"name\":\"Muru-lehekoguja CEDRUS SP31105 murutraktorile\",\"isPartOf\":{\"@id\":\"https:\\\/\\\/ranoja.ee\\\/#website\"},\"primaryImageOfPage\":{\"@id\":\"https:\\\/\\\/ranoja.ee\\\/toode\\\/muru-lehekoguja-cedrus-sp31105-murutraktorile\\\/#primaryimage\"},\"image\":{\"@id\":\"https:\\\/\\\/ranoja.ee\\\/toode\\\/muru-lehekoguja-cedrus-sp31105-murutraktorile\\\/#primaryimage\"},\"thumbnailUrl\":\"https:\\\/\\\/ranoja.ee\\\/wp-content\\\/uploads\\\/2024\\\/08\\\/Muru-lehekoguja-CEDRUS-SP31105-murutraktorile.jpg\",\"datePublished\":\"2024-08-26T13:51:36+00:00\",\"dateModified\":\"2025-12-12T11:50:30+00:00\",\"description\":\"Laius: 97cm, Mahutavus: 340l, T\u00fc\u00fcp: Harjastega, murutraktori haakesse, Koguri materjal: Plastik, suured plastikust rattad\",\"breadcrumb\":{\"@id\":\"https:\\\/\\\/ranoja.ee\\\/toode\\\/muru-lehekoguja-cedrus-sp31105-murutraktorile\\\/#breadcrumb\"},\"inLanguage\":\"en-US\",\"potentialAction\":[{\"@type\":\"ReadAction\",\"target\":[\"https:\\\/\\\/ranoja.ee\\\/toode\\\/muru-lehekoguja-cedrus-sp31105-murutraktorile\\\/\"]}]},{\"@type\":\"ImageObject\",\"inLanguage\":\"en-US\",\"@id\":\"https:\\\/\\\/ranoja.ee\\\/toode\\\/muru-lehekoguja-cedrus-sp31105-murutraktorile\\\/#primaryimage\",\"url\":\"https:\\\/\\\/ranoja.ee\\\/wp-content\\\/uploads\\\/2024\\\/08\\\/Muru-lehekoguja-CEDRUS-SP31105-murutraktorile.jpg\",\"contentUrl\":\"https:\\\/\\\/ranoja.ee\\\/wp-content\\\/uploads\\\/2024\\\/08\\\/Muru-lehekoguja-CEDRUS-SP31105-murutraktorile.jpg\",\"width\":800,\"height\":581,\"caption\":\"Muru-lehekoguja CEDRUS SP31105 murutraktorile\"},{\"@type\":\"BreadcrumbList\",\"@id\":\"https:\\\/\\\/ranoja.ee\\\/toode\\\/muru-lehekoguja-cedrus-sp31105-murutraktorile\\\/#breadcrumb\",\"itemListElement\":[{\"@type\":\"ListItem\",\"position\":1,\"name\":\"Home\",\"item\":\"https:\\\/\\\/ranoja.ee\\\/\"},{\"@type\":\"ListItem\",\"position\":2,\"name\":\"Shop\",\"item\":\"https:\\\/\\\/ranoja.ee\\\/en\\\/shop\\\/\"},{\"@type\":\"ListItem\",\"position\":3,\"name\":\"Muru-lehekoguja CEDRUS SP31105 murutraktorile\"}]},{\"@type\":\"WebSite\",\"@id\":\"https:\\\/\\\/ranoja.ee\\\/#website\",\"url\":\"https:\\\/\\\/ranoja.ee\\\/\",\"name\":\"Ranoja\",\"description\":\"Equipment Shop WooCommerce WordPress Theme for Machine &amp; Tools\",\"publisher\":{\"@id\":\"https:\\\/\\\/ranoja.ee\\\/#organization\"},\"potentialAction\":[{\"@type\":\"SearchAction\",\"target\":{\"@type\":\"EntryPoint\",\"urlTemplate\":\"https:\\\/\\\/ranoja.ee\\\/?s={search_term_string}\"},\"query-input\":{\"@type\":\"PropertyValueSpecification\",\"valueRequired\":true,\"valueName\":\"search_term_string\"}}],\"inLanguage\":\"en-US\"},{\"@type\":\"Organization\",\"@id\":\"https:\\\/\\\/ranoja.ee\\\/#organization\",\"name\":\"Ranoja O\u00dc\",\"url\":\"https:\\\/\\\/ranoja.ee\\\/\",\"logo\":{\"@type\":\"ImageObject\",\"inLanguage\":\"en-US\",\"@id\":\"https:\\\/\\\/ranoja.ee\\\/#\\\/schema\\\/logo\\\/image\\\/\",\"url\":\"https:\\\/\\\/ranoja.ee\\\/wp-content\\\/uploads\\\/2023\\\/11\\\/ranoja-Logo.png\",\"contentUrl\":\"https:\\\/\\\/ranoja.ee\\\/wp-content\\\/uploads\\\/2023\\\/11\\\/ranoja-Logo.png\",\"width\":207,\"height\":58,\"caption\":\"Ranoja O\u00dc\"},\"image\":{\"@id\":\"https:\\\/\\\/ranoja.ee\\\/#\\\/schema\\\/logo\\\/image\\\/\"},\"sameAs\":[\"https:\\\/\\\/www.facebook.com\\\/ranoja.ee\",\"https:\\\/\\\/www.instagram.com\\\/ranoja__\\\/\"]}]}<\/script>\n<!-- \/ Yoast SEO plugin. -->","yoast_head_json":{"title":"Muru-lehekoguja CEDRUS SP31105 murutraktorile","description":"Laius: 97cm, Mahutavus: 340l, T\u00fc\u00fcp: Harjastega, murutraktori haakesse, Koguri materjal: Plastik, suured plastikust rattad","robots":{"index":"index","follow":"follow","max-snippet":"max-snippet:-1","max-image-preview":"max-image-preview:large","max-video-preview":"max-video-preview:-1"},"canonical":"https:\/\/ranoja.ee\/toode\/muru-lehekoguja-cedrus-sp31105-murutraktorile\/","og_locale":"en_US","og_type":"article","og_title":"Muru-lehekoguja CEDRUS SP31105 murutraktorile","og_description":"Laius: 97cm, Mahutavus: 340l, T\u00fc\u00fcp: Harjastega, murutraktori haakesse, Koguri materjal: Plastik, suured plastikust rattad","og_url":"https:\/\/ranoja.ee\/toode\/muru-lehekoguja-cedrus-sp31105-murutraktorile\/","og_site_name":"Ranoja","article_publisher":"https:\/\/www.facebook.com\/ranoja.ee","article_modified_time":"2025-12-12T11:50:30+00:00","og_image":[{"width":800,"height":581,"url":"https:\/\/ranoja.ee\/wp-content\/uploads\/2024\/08\/Muru-lehekoguja-CEDRUS-SP31105-murutraktorile.jpg","type":"image\/jpeg"}],"twitter_card":"summary_large_image","twitter_misc":{"Est. reading time":"2 minutes"},"schema":{"@context":"https:\/\/schema.org","@graph":[{"@type":"WebPage","@id":"https:\/\/ranoja.ee\/toode\/muru-lehekoguja-cedrus-sp31105-murutraktorile\/","url":"https:\/\/ranoja.ee\/toode\/muru-lehekoguja-cedrus-sp31105-murutraktorile\/","name":"Muru-lehekoguja CEDRUS SP31105 murutraktorile","isPartOf":{"@id":"https:\/\/ranoja.ee\/#website"},"primaryImageOfPage":{"@id":"https:\/\/ranoja.ee\/toode\/muru-lehekoguja-cedrus-sp31105-murutraktorile\/#primaryimage"},"image":{"@id":"https:\/\/ranoja.ee\/toode\/muru-lehekoguja-cedrus-sp31105-murutraktorile\/#primaryimage"},"thumbnailUrl":"https:\/\/ranoja.ee\/wp-content\/uploads\/2024\/08\/Muru-lehekoguja-CEDRUS-SP31105-murutraktorile.jpg","datePublished":"2024-08-26T13:51:36+00:00","dateModified":"2025-12-12T11:50:30+00:00","description":"Laius: 97cm, Mahutavus: 340l, T\u00fc\u00fcp: Harjastega, murutraktori haakesse, Koguri materjal: Plastik, suured plastikust rattad","breadcrumb":{"@id":"https:\/\/ranoja.ee\/toode\/muru-lehekoguja-cedrus-sp31105-murutraktorile\/#breadcrumb"},"inLanguage":"en-US","potentialAction":[{"@type":"ReadAction","target":["https:\/\/ranoja.ee\/toode\/muru-lehekoguja-cedrus-sp31105-murutraktorile\/"]}]},{"@type":"ImageObject","inLanguage":"en-US","@id":"https:\/\/ranoja.ee\/toode\/muru-lehekoguja-cedrus-sp31105-murutraktorile\/#primaryimage","url":"https:\/\/ranoja.ee\/wp-content\/uploads\/2024\/08\/Muru-lehekoguja-CEDRUS-SP31105-murutraktorile.jpg","contentUrl":"https:\/\/ranoja.ee\/wp-content\/uploads\/2024\/08\/Muru-lehekoguja-CEDRUS-SP31105-murutraktorile.jpg","width":800,"height":581,"caption":"Muru-lehekoguja CEDRUS SP31105 murutraktorile"},{"@type":"BreadcrumbList","@id":"https:\/\/ranoja.ee\/toode\/muru-lehekoguja-cedrus-sp31105-murutraktorile\/#breadcrumb","itemListElement":[{"@type":"ListItem","position":1,"name":"Home","item":"https:\/\/ranoja.ee\/"},{"@type":"ListItem","position":2,"name":"Shop","item":"https:\/\/ranoja.ee\/en\/shop\/"},{"@type":"ListItem","position":3,"name":"Muru-lehekoguja CEDRUS SP31105 murutraktorile"}]},{"@type":"WebSite","@id":"https:\/\/ranoja.ee\/#website","url":"https:\/\/ranoja.ee\/","name":"Ranoja","description":"Equipment Shop WooCommerce WordPress Theme for Machine &amp; Tools","publisher":{"@id":"https:\/\/ranoja.ee\/#organization"},"potentialAction":[{"@type":"SearchAction","target":{"@type":"EntryPoint","urlTemplate":"https:\/\/ranoja.ee\/?s={search_term_string}"},"query-input":{"@type":"PropertyValueSpecification","valueRequired":true,"valueName":"search_term_string"}}],"inLanguage":"en-US"},{"@type":"Organization","@id":"https:\/\/ranoja.ee\/#organization","name":"Ranoja O\u00dc","url":"https:\/\/ranoja.ee\/","logo":{"@type":"ImageObject","inLanguage":"en-US","@id":"https:\/\/ranoja.ee\/#\/schema\/logo\/image\/","url":"https:\/\/ranoja.ee\/wp-content\/uploads\/2023\/11\/ranoja-Logo.png","contentUrl":"https:\/\/ranoja.ee\/wp-content\/uploads\/2023\/11\/ranoja-Logo.png","width":207,"height":58,"caption":"Ranoja O\u00dc"},"image":{"@id":"https:\/\/ranoja.ee\/#\/schema\/logo\/image\/"},"sameAs":["https:\/\/www.facebook.com\/ranoja.ee","https:\/\/www.instagram.com\/ranoja__\/"]}]}},"_links":{"self":[{"href":"https:\/\/ranoja.ee\/en\/wp-json\/wp\/v2\/product\/10468","targetHints":{"allow":["GET"]}}],"collection":[{"href":"https:\/\/ranoja.ee\/en\/wp-json\/wp\/v2\/product"}],"about":[{"href":"https:\/\/ranoja.ee\/en\/wp-json\/wp\/v2\/types\/product"}],"wp:featuredmedia":[{"embeddable":true,"href":"https:\/\/ranoja.ee\/en\/wp-json\/wp\/v2\/media\/13743"}],"wp:attachment":[{"href":"https:\/\/ranoja.ee\/en\/wp-json\/wp\/v2\/media?parent=10468"}],"wp:term":[{"taxonomy":"product_cat","embeddable":true,"href":"https:\/\/ranoja.ee\/en\/wp-json\/wp\/v2\/product_cat?post=10468"},{"taxonomy":"product_tag","embeddable":true,"href":"https:\/\/ranoja.ee\/en\/wp-json\/wp\/v2\/product_tag?post=10468"}],"curies":[{"name":"wp","href":"https:\/\/api.w.org\/{rel}","templated":true}]}}