{"id":10244,"date":"2024-07-29T11:32:26","date_gmt":"2024-07-29T08:32:26","guid":{"rendered":"https:\/\/www.ranoja.ee\/?post_type=product&#038;p=10244"},"modified":"2025-12-10T11:41:17","modified_gmt":"2025-12-10T08:41:17","slug":"wiper-trekker-xl-s-ultra-robotniiduk-6000m2","status":"publish","type":"product","link":"https:\/\/ranoja.ee\/en\/toode\/wiper-trekker-xl-s-ultra-robotniiduk-6000m2\/","title":{"rendered":"Wiper TREKKER XL S ULTRA robotniiduk 6000m2"},"content":{"rendered":"<p>Wiper TREKKER XL S ULTRA robotniiduk 6000m2 automaatniidukid hoolitsevad teie aia eest. Meie robotite iseloomulikuks tunnuseks on lihtne paigaldamine aeda ja intuitiivne juhtimine. Selleks, et niiduk saaks muru niita, on esmalt vaja paigaldada piirdekaabel, mis m\u00e4\u00e4ratleb roboti t\u00f6\u00f6piirkonna. Traat koos pulkadega ei kuulu komplekti. Seej\u00e4rel tuleks juhe \u00fchendada laadimisjaamaga. J\u00e4rgmine samm on asetada niiduk laadijasse ja l\u00fclitada see sisse. Neile, kes hindavad lihtsust, on Wiper niidukid eelprogrammeeritud. L\u00fclitage niiduk lihtsalt sisse ja see t\u00f6\u00f6tab vastavalt m\u00e4\u00e4ratud ajakavale.<\/p>\n<p>Kui soovite sisestada oma isiklikud seaded, saate seda teha kahel viisil.<\/p>\n<p>1. Klaviatuuri ja ekraani kasutamine \u2013 vt kasutusjuhendit<\/p>\n<p>2. \u00dchendage niiduk oma nutitelefoniga, kasutades rakendust &#8220;my robot wiper&#8221;.<\/p>\n<p>Wiper TREKKER XL S ULTRA robotniiduk 6000m2 on varustatud Bluetoothi \u200b\u200bja WiFi-ga. Kui olete niiduki oma koduse WiFi-v\u00f5rguga \u00fchendanud, saate seda juhtida k\u00f5ikjal.<\/p>\n<p>Meie niidurobotid on ohutuse tagamiseks varustatud paljude anduritega. <\/p>\n<p>Iga wiper robotniidukil on standardvarustuses:<\/p>\n<p>&#8211; laadimisjaam<\/p>\n<p>&#8211; laadija<\/p>\n<p>&#8211; laadimisjaama naelad<\/p>\n<p>Kuidas wiper t\u00f6\u00f6tab<\/p>\n<p>&#8211; t\u00f6\u00f6ala on kaabliga piiratud<\/p>\n<p>&#8211; niiduk t\u00f6\u00f6tab automaatselt vastavalt graafikule <\/p>\n<p>&#8211; naaseb laadimiseks automaatselt baasi<\/p>\n<p>&#8211; sellel on neli l\u00e4htepunkti, mida saab kaardil redigeerida<\/p>\n<p>&#8211; \u00fchendub teie koduv\u00f5rgu ja telefoniga WIFI ja Bluetoothi \u200b\u200bkaudu<\/p>\n<p>&#8211; p\u00e4rast kodu WIFI-ga \u00fchendamist uuendab niiduk ennast automaatselt<\/p>\n<p>&#8211; l\u00f5ikab muru kettale asetatud teradega<\/p>\n<p>CEDRUS on \u00fcks suurimaid aiandusmasinate, t\u00f6\u00f6riistade ning metsandus tarvikute edasim\u00fc\u00fcjaid Poolas.<br \/>\nMeie eesm\u00e4rk on pakkuda klientidele k\u00f5rgeima kvaliteediga tooteid konkurentsiv\u00f5imeliste hindadega.<br \/>\nAlates 2016. aastast oleme arendanud ka oma kaubam\u00e4rgi all olevat tootesarja Cedrus.<br \/>\nHetkel pakume enam kui 100 t\u00fc\u00fcpi CEDRUS kaubam\u00e4rgi aia- ja ehitusmasinaid, samuti k\u00f5iki hooldustarvikuid ja varuosi.<br \/>\n<img decoding=\"async\" src=\"https:\/\/www.ranoja.ee\/wp-content\/uploads\/2023\/07\/cedrus-logo-vaike-1-300x99.png\" alt=\"\" width=\"300\" height=\"99\" class=\"alignnone size-medium wp-image-5896\" srcset=\"https:\/\/ranoja.ee\/wp-content\/uploads\/2023\/07\/cedrus-logo-vaike-1-300x99.png 300w, https:\/\/ranoja.ee\/wp-content\/uploads\/2023\/07\/cedrus-logo-vaike-1.png 431w\" sizes=\"(max-width: 300px) 100vw, 300px\" \/><\/p>\n","protected":false},"excerpt":{"rendered":"<p>Wiper TREKKER XL S ULTRA robotniiduk 6000m2<br \/>\nNiiduala: 6000m2<br \/>\nT\u00f6\u00f6aeg: 4h<br \/>\nLaadimisaeg: 1,5h<br \/>\nHarjavaba elektrimootor, 10,35ah(260wh)<br \/>\n8 erinevat t\u00f6\u00f6tsooni alguspunkti<br \/>\nMaximaalne lubatud kalle piirdekaabli juures: 45%<br \/>\nLubatud kitsaim koht 0,8m<br \/>\nL\u00f5ikelaius 36cm<br \/>\nL\u00f5ikek\u00f5rgus 25-65mm, reguleeritav automaatselt<br \/>\nAndurid: Kokkup\u00f5rke andur, kaldeandur, t\u00f5steandur, l\u00e4hendussensor, vihmasensor<br \/>\nNelja teraga tera, nugade kiirus 2500rpm<br \/>\nKaal: 15,8kg<br \/>\n*Pin kood<br \/>\n*bluetooth<br \/>\n*WIFI<br \/>\n*IPx5<br \/>\n*Heli kuni 63db<br \/>\n*Kummist rattad<br \/>\nMax. piirdekaabli pikkus 1000m<br \/>\n*Display robotniiduki seadistamiseks<br \/>\n*Seadistatav l\u00e4bi rakenduse: My robot wiper <\/p>\n<p><span style=\"color: #000000;\"><strong> Garantii eraisikule 6 aastat <\/strong><\/span><br \/>\n<strong>Seadme eeldatav tarneaeg 1-7 t\u00f6\u00f6p\u00e4eva<\/strong><\/p>\n","protected":false},"featured_media":10245,"template":"","meta":{"inline_featured_image":false},"product_cat":[1079,1080],"product_tag":[137,1150,567,1147,1144,1464,1473],"class_list":{"0":"post-10244","1":"product","2":"type-product","3":"status-publish","4":"has-post-thumbnail","6":"product_brand-wiper-robotic-mower","7":"product_cat-aiatehnika-ja-niidutehnika","8":"product_cat-robotniidukid","9":"product_tag-cedrus","10":"product_tag-mururobot","11":"product_tag-niiduk","12":"product_tag-robot","13":"product_tag-robotniiduk","14":"product_tag-wiper","15":"product_tag-wiper-trekker-xl-s-ultra-robotniiduk-6000m2","17":"first","18":"instock","19":"taxable","20":"shipping-taxable","21":"purchasable","22":"product-type-simple"},"yoast_head":"<!-- This site is optimized with the Yoast SEO plugin v27.4 - https:\/\/yoast.com\/product\/yoast-seo-wordpress\/ -->\n<title>Wiper TREKKER XL S ULTRA robotniiduk 6000m2<\/title>\n<meta name=\"description\" content=\"Wiper TREKKER XL S ULTRA robotniiduk 6000m2, L\u00f5ikelaius 36cm, t\u00f6\u00f6aeg 4h, laadimisaeg 1,5h, harjadeta mootor, niiduk\u00f5rgus 25-65mm, kaal 15,8kg.\" \/>\n<meta name=\"robots\" content=\"index, follow, max-snippet:-1, max-image-preview:large, max-video-preview:-1\" \/>\n<link rel=\"canonical\" href=\"https:\/\/ranoja.ee\/toode\/wiper-trekker-xl-s-ultra-robotniiduk-6000m2\/\" \/>\n<meta property=\"og:locale\" content=\"en_US\" \/>\n<meta property=\"og:type\" content=\"article\" \/>\n<meta property=\"og:title\" content=\"Wiper TREKKER XL S ULTRA robotniiduk 6000m2\" \/>\n<meta property=\"og:description\" content=\"Wiper TREKKER XL S ULTRA robotniiduk 6000m2, L\u00f5ikelaius 36cm, t\u00f6\u00f6aeg 4h, laadimisaeg 1,5h, harjadeta mootor, niiduk\u00f5rgus 25-65mm, kaal 15,8kg.\" \/>\n<meta property=\"og:url\" content=\"https:\/\/ranoja.ee\/toode\/wiper-trekker-xl-s-ultra-robotniiduk-6000m2\/\" \/>\n<meta property=\"og:site_name\" content=\"Ranoja\" \/>\n<meta property=\"article:publisher\" content=\"https:\/\/www.facebook.com\/ranoja.ee\" \/>\n<meta property=\"article:modified_time\" content=\"2025-12-10T08:41:17+00:00\" \/>\n<meta property=\"og:image\" content=\"https:\/\/ranoja.ee\/wp-content\/uploads\/2024\/07\/WI043L4I3Z-40PUG10P90_01-scaled.jpg\" \/>\n\t<meta property=\"og:image:width\" content=\"2560\" \/>\n\t<meta property=\"og:image:height\" content=\"1707\" \/>\n\t<meta property=\"og:image:type\" content=\"image\/jpeg\" \/>\n<meta name=\"twitter:card\" content=\"summary_large_image\" \/>\n<meta name=\"twitter:label1\" content=\"Est. reading time\" \/>\n\t<meta name=\"twitter:data1\" content=\"2 minutes\" \/>\n<script type=\"application\/ld+json\" class=\"yoast-schema-graph\">{\"@context\":\"https:\\\/\\\/schema.org\",\"@graph\":[{\"@type\":\"WebPage\",\"@id\":\"https:\\\/\\\/ranoja.ee\\\/toode\\\/wiper-trekker-xl-s-ultra-robotniiduk-6000m2\\\/\",\"url\":\"https:\\\/\\\/ranoja.ee\\\/toode\\\/wiper-trekker-xl-s-ultra-robotniiduk-6000m2\\\/\",\"name\":\"Wiper TREKKER XL S ULTRA robotniiduk 6000m2\",\"isPartOf\":{\"@id\":\"https:\\\/\\\/ranoja.ee\\\/#website\"},\"primaryImageOfPage\":{\"@id\":\"https:\\\/\\\/ranoja.ee\\\/toode\\\/wiper-trekker-xl-s-ultra-robotniiduk-6000m2\\\/#primaryimage\"},\"image\":{\"@id\":\"https:\\\/\\\/ranoja.ee\\\/toode\\\/wiper-trekker-xl-s-ultra-robotniiduk-6000m2\\\/#primaryimage\"},\"thumbnailUrl\":\"https:\\\/\\\/ranoja.ee\\\/wp-content\\\/uploads\\\/2024\\\/07\\\/WI043L4I3Z-40PUG10P90_01-scaled.jpg\",\"datePublished\":\"2024-07-29T08:32:26+00:00\",\"dateModified\":\"2025-12-10T08:41:17+00:00\",\"description\":\"Wiper TREKKER XL S ULTRA robotniiduk 6000m2, L\u00f5ikelaius 36cm, t\u00f6\u00f6aeg 4h, laadimisaeg 1,5h, harjadeta mootor, niiduk\u00f5rgus 25-65mm, kaal 15,8kg.\",\"breadcrumb\":{\"@id\":\"https:\\\/\\\/ranoja.ee\\\/toode\\\/wiper-trekker-xl-s-ultra-robotniiduk-6000m2\\\/#breadcrumb\"},\"inLanguage\":\"en-US\",\"potentialAction\":[{\"@type\":\"ReadAction\",\"target\":[\"https:\\\/\\\/ranoja.ee\\\/toode\\\/wiper-trekker-xl-s-ultra-robotniiduk-6000m2\\\/\"]}]},{\"@type\":\"ImageObject\",\"inLanguage\":\"en-US\",\"@id\":\"https:\\\/\\\/ranoja.ee\\\/toode\\\/wiper-trekker-xl-s-ultra-robotniiduk-6000m2\\\/#primaryimage\",\"url\":\"https:\\\/\\\/ranoja.ee\\\/wp-content\\\/uploads\\\/2024\\\/07\\\/WI043L4I3Z-40PUG10P90_01-scaled.jpg\",\"contentUrl\":\"https:\\\/\\\/ranoja.ee\\\/wp-content\\\/uploads\\\/2024\\\/07\\\/WI043L4I3Z-40PUG10P90_01-scaled.jpg\",\"width\":2560,\"height\":1707,\"caption\":\"Wiper TREKKER XL S ULTRA robotniiduk 6000m2\"},{\"@type\":\"BreadcrumbList\",\"@id\":\"https:\\\/\\\/ranoja.ee\\\/toode\\\/wiper-trekker-xl-s-ultra-robotniiduk-6000m2\\\/#breadcrumb\",\"itemListElement\":[{\"@type\":\"ListItem\",\"position\":1,\"name\":\"Home\",\"item\":\"https:\\\/\\\/ranoja.ee\\\/\"},{\"@type\":\"ListItem\",\"position\":2,\"name\":\"Shop\",\"item\":\"https:\\\/\\\/ranoja.ee\\\/en\\\/shop\\\/\"},{\"@type\":\"ListItem\",\"position\":3,\"name\":\"Wiper TREKKER XL S ULTRA robotniiduk 6000m2\"}]},{\"@type\":\"WebSite\",\"@id\":\"https:\\\/\\\/ranoja.ee\\\/#website\",\"url\":\"https:\\\/\\\/ranoja.ee\\\/\",\"name\":\"Ranoja\",\"description\":\"Equipment Shop WooCommerce WordPress Theme for Machine &amp; Tools\",\"publisher\":{\"@id\":\"https:\\\/\\\/ranoja.ee\\\/#organization\"},\"potentialAction\":[{\"@type\":\"SearchAction\",\"target\":{\"@type\":\"EntryPoint\",\"urlTemplate\":\"https:\\\/\\\/ranoja.ee\\\/?s={search_term_string}\"},\"query-input\":{\"@type\":\"PropertyValueSpecification\",\"valueRequired\":true,\"valueName\":\"search_term_string\"}}],\"inLanguage\":\"en-US\"},{\"@type\":\"Organization\",\"@id\":\"https:\\\/\\\/ranoja.ee\\\/#organization\",\"name\":\"Ranoja O\u00dc\",\"url\":\"https:\\\/\\\/ranoja.ee\\\/\",\"logo\":{\"@type\":\"ImageObject\",\"inLanguage\":\"en-US\",\"@id\":\"https:\\\/\\\/ranoja.ee\\\/#\\\/schema\\\/logo\\\/image\\\/\",\"url\":\"https:\\\/\\\/ranoja.ee\\\/wp-content\\\/uploads\\\/2023\\\/11\\\/ranoja-Logo.png\",\"contentUrl\":\"https:\\\/\\\/ranoja.ee\\\/wp-content\\\/uploads\\\/2023\\\/11\\\/ranoja-Logo.png\",\"width\":207,\"height\":58,\"caption\":\"Ranoja O\u00dc\"},\"image\":{\"@id\":\"https:\\\/\\\/ranoja.ee\\\/#\\\/schema\\\/logo\\\/image\\\/\"},\"sameAs\":[\"https:\\\/\\\/www.facebook.com\\\/ranoja.ee\",\"https:\\\/\\\/www.instagram.com\\\/ranoja__\\\/\"]}]}<\/script>\n<!-- \/ Yoast SEO plugin. -->","yoast_head_json":{"title":"Wiper TREKKER XL S ULTRA robotniiduk 6000m2","description":"Wiper TREKKER XL S ULTRA robotniiduk 6000m2, L\u00f5ikelaius 36cm, t\u00f6\u00f6aeg 4h, laadimisaeg 1,5h, harjadeta mootor, niiduk\u00f5rgus 25-65mm, kaal 15,8kg.","robots":{"index":"index","follow":"follow","max-snippet":"max-snippet:-1","max-image-preview":"max-image-preview:large","max-video-preview":"max-video-preview:-1"},"canonical":"https:\/\/ranoja.ee\/toode\/wiper-trekker-xl-s-ultra-robotniiduk-6000m2\/","og_locale":"en_US","og_type":"article","og_title":"Wiper TREKKER XL S ULTRA robotniiduk 6000m2","og_description":"Wiper TREKKER XL S ULTRA robotniiduk 6000m2, L\u00f5ikelaius 36cm, t\u00f6\u00f6aeg 4h, laadimisaeg 1,5h, harjadeta mootor, niiduk\u00f5rgus 25-65mm, kaal 15,8kg.","og_url":"https:\/\/ranoja.ee\/toode\/wiper-trekker-xl-s-ultra-robotniiduk-6000m2\/","og_site_name":"Ranoja","article_publisher":"https:\/\/www.facebook.com\/ranoja.ee","article_modified_time":"2025-12-10T08:41:17+00:00","og_image":[{"width":2560,"height":1707,"url":"https:\/\/ranoja.ee\/wp-content\/uploads\/2024\/07\/WI043L4I3Z-40PUG10P90_01-scaled.jpg","type":"image\/jpeg"}],"twitter_card":"summary_large_image","twitter_misc":{"Est. reading time":"2 minutes"},"schema":{"@context":"https:\/\/schema.org","@graph":[{"@type":"WebPage","@id":"https:\/\/ranoja.ee\/toode\/wiper-trekker-xl-s-ultra-robotniiduk-6000m2\/","url":"https:\/\/ranoja.ee\/toode\/wiper-trekker-xl-s-ultra-robotniiduk-6000m2\/","name":"Wiper TREKKER XL S ULTRA robotniiduk 6000m2","isPartOf":{"@id":"https:\/\/ranoja.ee\/#website"},"primaryImageOfPage":{"@id":"https:\/\/ranoja.ee\/toode\/wiper-trekker-xl-s-ultra-robotniiduk-6000m2\/#primaryimage"},"image":{"@id":"https:\/\/ranoja.ee\/toode\/wiper-trekker-xl-s-ultra-robotniiduk-6000m2\/#primaryimage"},"thumbnailUrl":"https:\/\/ranoja.ee\/wp-content\/uploads\/2024\/07\/WI043L4I3Z-40PUG10P90_01-scaled.jpg","datePublished":"2024-07-29T08:32:26+00:00","dateModified":"2025-12-10T08:41:17+00:00","description":"Wiper TREKKER XL S ULTRA robotniiduk 6000m2, L\u00f5ikelaius 36cm, t\u00f6\u00f6aeg 4h, laadimisaeg 1,5h, harjadeta mootor, niiduk\u00f5rgus 25-65mm, kaal 15,8kg.","breadcrumb":{"@id":"https:\/\/ranoja.ee\/toode\/wiper-trekker-xl-s-ultra-robotniiduk-6000m2\/#breadcrumb"},"inLanguage":"en-US","potentialAction":[{"@type":"ReadAction","target":["https:\/\/ranoja.ee\/toode\/wiper-trekker-xl-s-ultra-robotniiduk-6000m2\/"]}]},{"@type":"ImageObject","inLanguage":"en-US","@id":"https:\/\/ranoja.ee\/toode\/wiper-trekker-xl-s-ultra-robotniiduk-6000m2\/#primaryimage","url":"https:\/\/ranoja.ee\/wp-content\/uploads\/2024\/07\/WI043L4I3Z-40PUG10P90_01-scaled.jpg","contentUrl":"https:\/\/ranoja.ee\/wp-content\/uploads\/2024\/07\/WI043L4I3Z-40PUG10P90_01-scaled.jpg","width":2560,"height":1707,"caption":"Wiper TREKKER XL S ULTRA robotniiduk 6000m2"},{"@type":"BreadcrumbList","@id":"https:\/\/ranoja.ee\/toode\/wiper-trekker-xl-s-ultra-robotniiduk-6000m2\/#breadcrumb","itemListElement":[{"@type":"ListItem","position":1,"name":"Home","item":"https:\/\/ranoja.ee\/"},{"@type":"ListItem","position":2,"name":"Shop","item":"https:\/\/ranoja.ee\/en\/shop\/"},{"@type":"ListItem","position":3,"name":"Wiper TREKKER XL S ULTRA robotniiduk 6000m2"}]},{"@type":"WebSite","@id":"https:\/\/ranoja.ee\/#website","url":"https:\/\/ranoja.ee\/","name":"Ranoja","description":"Equipment Shop WooCommerce WordPress Theme for Machine &amp; Tools","publisher":{"@id":"https:\/\/ranoja.ee\/#organization"},"potentialAction":[{"@type":"SearchAction","target":{"@type":"EntryPoint","urlTemplate":"https:\/\/ranoja.ee\/?s={search_term_string}"},"query-input":{"@type":"PropertyValueSpecification","valueRequired":true,"valueName":"search_term_string"}}],"inLanguage":"en-US"},{"@type":"Organization","@id":"https:\/\/ranoja.ee\/#organization","name":"Ranoja O\u00dc","url":"https:\/\/ranoja.ee\/","logo":{"@type":"ImageObject","inLanguage":"en-US","@id":"https:\/\/ranoja.ee\/#\/schema\/logo\/image\/","url":"https:\/\/ranoja.ee\/wp-content\/uploads\/2023\/11\/ranoja-Logo.png","contentUrl":"https:\/\/ranoja.ee\/wp-content\/uploads\/2023\/11\/ranoja-Logo.png","width":207,"height":58,"caption":"Ranoja O\u00dc"},"image":{"@id":"https:\/\/ranoja.ee\/#\/schema\/logo\/image\/"},"sameAs":["https:\/\/www.facebook.com\/ranoja.ee","https:\/\/www.instagram.com\/ranoja__\/"]}]}},"_links":{"self":[{"href":"https:\/\/ranoja.ee\/en\/wp-json\/wp\/v2\/product\/10244","targetHints":{"allow":["GET"]}}],"collection":[{"href":"https:\/\/ranoja.ee\/en\/wp-json\/wp\/v2\/product"}],"about":[{"href":"https:\/\/ranoja.ee\/en\/wp-json\/wp\/v2\/types\/product"}],"wp:featuredmedia":[{"embeddable":true,"href":"https:\/\/ranoja.ee\/en\/wp-json\/wp\/v2\/media\/10245"}],"wp:attachment":[{"href":"https:\/\/ranoja.ee\/en\/wp-json\/wp\/v2\/media?parent=10244"}],"wp:term":[{"taxonomy":"product_cat","embeddable":true,"href":"https:\/\/ranoja.ee\/en\/wp-json\/wp\/v2\/product_cat?post=10244"},{"taxonomy":"product_tag","embeddable":true,"href":"https:\/\/ranoja.ee\/en\/wp-json\/wp\/v2\/product_tag?post=10244"}],"curies":[{"name":"wp","href":"https:\/\/api.w.org\/{rel}","templated":true}]}}