{"id":10191,"date":"2024-07-26T10:36:52","date_gmt":"2024-07-26T07:36:52","guid":{"rendered":"https:\/\/www.ranoja.ee\/?post_type=product&#038;p=10191"},"modified":"2025-12-10T11:48:34","modified_gmt":"2025-12-10T08:48:34","slug":"cedrus-bensiinimootoriga-oksapurustaja-cedrb05pro-he","status":"publish","type":"product","link":"https:\/\/ranoja.ee\/en\/toode\/cedrus-bensiinimootoriga-oksapurustaja-cedrb05pro-he\/","title":{"rendered":"Cedrus bensiinimootoriga oksapurustaja CEDRB05PRO-HE"},"content":{"rendered":"<p>Cedrus bensiinimootoriga oksapurustaja CEDRB05PRO-HE<\/p>\n<p>H\u00fcdrauliliselt juhitav ettevedu (edasi ja tagasi) sobiva kiirusega. Korralikud \u00f5hkrehvid ja sobilik j\u00e4relvedamiseks ATV\/aiatraktori v\u00f5i v\u00e4iketraktori haakes.<\/p>\n<p>Turvalisus on Cedrus oksapurustajate disainis esmat\u00e4htis. Need on varustatud mitmete turvafunktsioonidega, sealhulgas automaatse peatamise s\u00fcsteemiga, mis k\u00e4ivitub koheselt, kui avatakse juurdep\u00e4\u00e4s purustuskambrile. See tagab kasutaja ohutuse ja v\u00e4hendab \u00f5nnetuste riski.<\/p>\n<p>Lisaks on Cedrus keskkonnas\u00f5bralikud, p\u00f6\u00f6rates t\u00e4helepanu j\u00e4tkusuutlikkusele. Need oksapurustajad mitte ainult ei aita aiat\u00f6id kiirendada, vaid muudavad ka aiaj\u00e4\u00e4tmed kasulikuks mult\u0161iks v\u00f5i kompostiks, toetades seel\u00e4bi \u00f6koloogilist aiat\u00f6\u00f6d.<\/p>\n<p>Cedrus oksapurustajad on t\u00f5husad ja vastupidavad t\u00f6\u00f6riistad, mis muudavad aiat\u00f6\u00f6de tegemise nauditavaks ja tulemuslikuks. Nende usaldusv\u00e4\u00e4rne j\u00f5udlus ja innovatiivne disain muudavad Cedrus oksapurustajad eelistatuks valikuks neile, kes hindavad kvaliteeti ja soovivad investeerida usaldusv\u00e4\u00e4rsetesse aiat\u00f6\u00f6riistadesse.<\/p>\n<p>Aiat\u00f6\u00f6riistu, alates oksapurustajatest ja muruniidukitest kuni trimmerite ja lehepuhuriteni. Iga toode on hoolikalt disainitud, arvestades kasutajate vajadusi ja keskkonnas\u00f5bralikkust.<br \/>\nCedrus panustab j\u00e4tkusuutlikkusse, pakkudes tooteid, mis aitavad v\u00e4hendada aiaj\u00e4\u00e4tmete kogust ja soodustavad taaskasutust. Lisaks on br\u00e4nd tuntud oma klienditeeninduse ja tootekvaliteedi poolest, pakkudes tarbijatele kindlustunnet oma valiku suhtes.<\/p>\n<p>Br\u00e4ndi CEDRUS taga on p\u00fchendunud meeskond, kes usub, et iga aednik peaks saama nautida aiat\u00f6id ilma kompromissideta. Cedrus tooted on loodud selleks, et muuta aiat\u00f6\u00f6d lihtsamaks, t\u00f5husamaks<br \/>\nja nauditavamaks. Olgu tegemist aia korrastamise, rohu niitmise v\u00f5i oksapurustamisega \u2013 Cedrus br\u00e4ndi all leiab iga\u00fcks endale sobiva lahenduse oma aia eest hoolitsemiseks.<br \/>\nCedrus bensiinimootoriga oksapurustaja CEDRB05PRO-HE<\/p>\n","protected":false},"excerpt":{"rendered":"<p>Cedrus bensiinimootoriga oksapurustaja CEDRB05PRO-HE<\/p>\n<p>Mootori tootja: Loncin<br \/>\nMootori mudel: G420F elektrik\u00e4ivitusega<br \/>\nMootori v\u00f5imsus: 9,0kW \/ 3600 p\/min<br \/>\nMootori t\u00f6\u00f6maht: 420 cm3<br \/>\nK\u00fctusepaagi maht: 6,5 l<br \/>\n<strong>Max oksa l\u00e4bim\u00f5\u00f5t: 12 cm<\/strong><br \/>\nL\u00f5ikes\u00fcsteem 2 nuga kettal + 1 vastutera + 10 hakkimistera<br \/>\nH\u00fcdraulikas\u00fcsteem: 4l<br \/>\nToiterulli kiirus: 0 \u2013 600 p\/min, max 240 NM<br \/>\nNoa m\u00f5\u00f5dud: 200 mm<br \/>\nKasutegur: 6m3\/h kuni 6m3\/h<br \/>\nPlaadi p\u00f6\u00f6rlemiskiirus: 2000 p\u00f6\u00f6ret minutis<br \/>\nRehvid: 16&#215;6,5-8<br \/>\nTurval\u00fclitid<br \/>\nReguleeritav t\u00fchjendusrenn<br \/>\nJ\u00e4relveetav<br \/>\nMasina kaal: 293 kg<\/p>\n<p><strong><span style=\"color: #008000;\">SOOVID ANTUD TOODET ETTEV\u00d5TTELE SOETADA?<\/span><br \/>\n<a href=\"https:\/\/ranoja.ee\/seadmete-rent-kasutusrendi-pohimottel\/\">TUTVU MEIE &#8220;SEADMETE RENT KASUTUSRENDI P\u00d5HIM\u00d5TTEL&#8221; FINANTSEERIMIS LAHENDUSEGA SIIN!<\/a><\/strong><\/p>\n<p><span style=\"color: #000000;\"><strong>Garantii 2 aastat<\/strong><\/span><br \/>\n<strong>Seadme eeldatav tarneaeg 1-7 t\u00f6\u00f6p\u00e4eva<\/strong><\/p>\n","protected":false},"featured_media":11738,"template":"","meta":{"inline_featured_image":false},"product_cat":[1087,85],"product_tag":[375],"class_list":{"0":"post-10191","1":"product","2":"type-product","3":"status-publish","4":"has-post-thumbnail","6":"product_brand-cedrus","7":"product_cat-metsatehnika","8":"product_cat-oksapurustajad","9":"product_tag-bensiinimootoriga-oksapurustaja","11":"first","12":"instock","13":"taxable","14":"shipping-taxable","15":"purchasable","16":"product-type-simple"},"yoast_head":"<!-- This site is optimized with the Yoast SEO plugin v27.4 - https:\/\/yoast.com\/product\/yoast-seo-wordpress\/ -->\n<title>Cedrus bensiinimootoriga oksapurustaja CEDRB05PRO-HE<\/title>\n<meta name=\"description\" content=\"Cedrus bensiinimootoriga oksapurustaja CEDRB05PRO-HE Plaadi p\u00f6\u00f6rlemiskiirus: 2000 p\u00f6\u00f6ret minutis Rehvid: 16x6,5-8 Max 12cm materjalile\" \/>\n<meta name=\"robots\" content=\"index, follow, max-snippet:-1, max-image-preview:large, max-video-preview:-1\" \/>\n<link rel=\"canonical\" href=\"https:\/\/ranoja.ee\/toode\/cedrus-bensiinimootoriga-oksapurustaja-cedrb05pro-he\/\" \/>\n<meta property=\"og:locale\" content=\"en_US\" \/>\n<meta property=\"og:type\" content=\"article\" \/>\n<meta property=\"og:title\" content=\"Cedrus bensiinimootoriga oksapurustaja CEDRB05PRO-HE\" \/>\n<meta property=\"og:description\" content=\"Cedrus bensiinimootoriga oksapurustaja CEDRB05PRO-HE Plaadi p\u00f6\u00f6rlemiskiirus: 2000 p\u00f6\u00f6ret minutis Rehvid: 16x6,5-8 Max 12cm materjalile\" \/>\n<meta property=\"og:url\" content=\"https:\/\/ranoja.ee\/toode\/cedrus-bensiinimootoriga-oksapurustaja-cedrb05pro-he\/\" \/>\n<meta property=\"og:site_name\" content=\"Ranoja\" \/>\n<meta property=\"article:publisher\" content=\"https:\/\/www.facebook.com\/ranoja.ee\" \/>\n<meta property=\"article:modified_time\" content=\"2025-12-10T08:48:34+00:00\" \/>\n<meta property=\"og:image\" content=\"https:\/\/ranoja.ee\/wp-content\/uploads\/2024\/07\/Cedrus-bensiinimootoriga-oksapurustaja-CEDRB05PRO-HE-1.jpg\" \/>\n\t<meta property=\"og:image:width\" content=\"1200\" \/>\n\t<meta property=\"og:image:height\" content=\"810\" \/>\n\t<meta property=\"og:image:type\" content=\"image\/jpeg\" \/>\n<meta name=\"twitter:card\" content=\"summary_large_image\" \/>\n<meta name=\"twitter:label1\" content=\"Est. reading time\" \/>\n\t<meta name=\"twitter:data1\" content=\"2 minutes\" \/>\n<script type=\"application\/ld+json\" class=\"yoast-schema-graph\">{\"@context\":\"https:\\\/\\\/schema.org\",\"@graph\":[{\"@type\":\"WebPage\",\"@id\":\"https:\\\/\\\/ranoja.ee\\\/toode\\\/cedrus-bensiinimootoriga-oksapurustaja-cedrb05pro-he\\\/\",\"url\":\"https:\\\/\\\/ranoja.ee\\\/toode\\\/cedrus-bensiinimootoriga-oksapurustaja-cedrb05pro-he\\\/\",\"name\":\"Cedrus bensiinimootoriga oksapurustaja CEDRB05PRO-HE\",\"isPartOf\":{\"@id\":\"https:\\\/\\\/ranoja.ee\\\/#website\"},\"primaryImageOfPage\":{\"@id\":\"https:\\\/\\\/ranoja.ee\\\/toode\\\/cedrus-bensiinimootoriga-oksapurustaja-cedrb05pro-he\\\/#primaryimage\"},\"image\":{\"@id\":\"https:\\\/\\\/ranoja.ee\\\/toode\\\/cedrus-bensiinimootoriga-oksapurustaja-cedrb05pro-he\\\/#primaryimage\"},\"thumbnailUrl\":\"https:\\\/\\\/ranoja.ee\\\/wp-content\\\/uploads\\\/2024\\\/07\\\/Cedrus-bensiinimootoriga-oksapurustaja-CEDRB05PRO-HE-1.jpg\",\"datePublished\":\"2024-07-26T07:36:52+00:00\",\"dateModified\":\"2025-12-10T08:48:34+00:00\",\"description\":\"Cedrus bensiinimootoriga oksapurustaja CEDRB05PRO-HE Plaadi p\u00f6\u00f6rlemiskiirus: 2000 p\u00f6\u00f6ret minutis Rehvid: 16x6,5-8 Max 12cm materjalile\",\"breadcrumb\":{\"@id\":\"https:\\\/\\\/ranoja.ee\\\/toode\\\/cedrus-bensiinimootoriga-oksapurustaja-cedrb05pro-he\\\/#breadcrumb\"},\"inLanguage\":\"en-US\",\"potentialAction\":[{\"@type\":\"ReadAction\",\"target\":[\"https:\\\/\\\/ranoja.ee\\\/toode\\\/cedrus-bensiinimootoriga-oksapurustaja-cedrb05pro-he\\\/\"]}]},{\"@type\":\"ImageObject\",\"inLanguage\":\"en-US\",\"@id\":\"https:\\\/\\\/ranoja.ee\\\/toode\\\/cedrus-bensiinimootoriga-oksapurustaja-cedrb05pro-he\\\/#primaryimage\",\"url\":\"https:\\\/\\\/ranoja.ee\\\/wp-content\\\/uploads\\\/2024\\\/07\\\/Cedrus-bensiinimootoriga-oksapurustaja-CEDRB05PRO-HE-1.jpg\",\"contentUrl\":\"https:\\\/\\\/ranoja.ee\\\/wp-content\\\/uploads\\\/2024\\\/07\\\/Cedrus-bensiinimootoriga-oksapurustaja-CEDRB05PRO-HE-1.jpg\",\"width\":1200,\"height\":810,\"caption\":\"Cedrus bensiinimootoriga oksapurustaja CEDRB05PRO-HE\"},{\"@type\":\"BreadcrumbList\",\"@id\":\"https:\\\/\\\/ranoja.ee\\\/toode\\\/cedrus-bensiinimootoriga-oksapurustaja-cedrb05pro-he\\\/#breadcrumb\",\"itemListElement\":[{\"@type\":\"ListItem\",\"position\":1,\"name\":\"Home\",\"item\":\"https:\\\/\\\/ranoja.ee\\\/\"},{\"@type\":\"ListItem\",\"position\":2,\"name\":\"Shop\",\"item\":\"https:\\\/\\\/ranoja.ee\\\/en\\\/shop\\\/\"},{\"@type\":\"ListItem\",\"position\":3,\"name\":\"Cedrus bensiinimootoriga oksapurustaja CEDRB05PRO-HE\"}]},{\"@type\":\"WebSite\",\"@id\":\"https:\\\/\\\/ranoja.ee\\\/#website\",\"url\":\"https:\\\/\\\/ranoja.ee\\\/\",\"name\":\"Ranoja\",\"description\":\"Equipment Shop WooCommerce WordPress Theme for Machine &amp; Tools\",\"publisher\":{\"@id\":\"https:\\\/\\\/ranoja.ee\\\/#organization\"},\"potentialAction\":[{\"@type\":\"SearchAction\",\"target\":{\"@type\":\"EntryPoint\",\"urlTemplate\":\"https:\\\/\\\/ranoja.ee\\\/?s={search_term_string}\"},\"query-input\":{\"@type\":\"PropertyValueSpecification\",\"valueRequired\":true,\"valueName\":\"search_term_string\"}}],\"inLanguage\":\"en-US\"},{\"@type\":\"Organization\",\"@id\":\"https:\\\/\\\/ranoja.ee\\\/#organization\",\"name\":\"Ranoja O\u00dc\",\"url\":\"https:\\\/\\\/ranoja.ee\\\/\",\"logo\":{\"@type\":\"ImageObject\",\"inLanguage\":\"en-US\",\"@id\":\"https:\\\/\\\/ranoja.ee\\\/#\\\/schema\\\/logo\\\/image\\\/\",\"url\":\"https:\\\/\\\/ranoja.ee\\\/wp-content\\\/uploads\\\/2023\\\/11\\\/ranoja-Logo.png\",\"contentUrl\":\"https:\\\/\\\/ranoja.ee\\\/wp-content\\\/uploads\\\/2023\\\/11\\\/ranoja-Logo.png\",\"width\":207,\"height\":58,\"caption\":\"Ranoja O\u00dc\"},\"image\":{\"@id\":\"https:\\\/\\\/ranoja.ee\\\/#\\\/schema\\\/logo\\\/image\\\/\"},\"sameAs\":[\"https:\\\/\\\/www.facebook.com\\\/ranoja.ee\",\"https:\\\/\\\/www.instagram.com\\\/ranoja__\\\/\"]}]}<\/script>\n<!-- \/ Yoast SEO plugin. -->","yoast_head_json":{"title":"Cedrus bensiinimootoriga oksapurustaja CEDRB05PRO-HE","description":"Cedrus bensiinimootoriga oksapurustaja CEDRB05PRO-HE Plaadi p\u00f6\u00f6rlemiskiirus: 2000 p\u00f6\u00f6ret minutis Rehvid: 16x6,5-8 Max 12cm materjalile","robots":{"index":"index","follow":"follow","max-snippet":"max-snippet:-1","max-image-preview":"max-image-preview:large","max-video-preview":"max-video-preview:-1"},"canonical":"https:\/\/ranoja.ee\/toode\/cedrus-bensiinimootoriga-oksapurustaja-cedrb05pro-he\/","og_locale":"en_US","og_type":"article","og_title":"Cedrus bensiinimootoriga oksapurustaja CEDRB05PRO-HE","og_description":"Cedrus bensiinimootoriga oksapurustaja CEDRB05PRO-HE Plaadi p\u00f6\u00f6rlemiskiirus: 2000 p\u00f6\u00f6ret minutis Rehvid: 16x6,5-8 Max 12cm materjalile","og_url":"https:\/\/ranoja.ee\/toode\/cedrus-bensiinimootoriga-oksapurustaja-cedrb05pro-he\/","og_site_name":"Ranoja","article_publisher":"https:\/\/www.facebook.com\/ranoja.ee","article_modified_time":"2025-12-10T08:48:34+00:00","og_image":[{"width":1200,"height":810,"url":"https:\/\/ranoja.ee\/wp-content\/uploads\/2024\/07\/Cedrus-bensiinimootoriga-oksapurustaja-CEDRB05PRO-HE-1.jpg","type":"image\/jpeg"}],"twitter_card":"summary_large_image","twitter_misc":{"Est. reading time":"2 minutes"},"schema":{"@context":"https:\/\/schema.org","@graph":[{"@type":"WebPage","@id":"https:\/\/ranoja.ee\/toode\/cedrus-bensiinimootoriga-oksapurustaja-cedrb05pro-he\/","url":"https:\/\/ranoja.ee\/toode\/cedrus-bensiinimootoriga-oksapurustaja-cedrb05pro-he\/","name":"Cedrus bensiinimootoriga oksapurustaja CEDRB05PRO-HE","isPartOf":{"@id":"https:\/\/ranoja.ee\/#website"},"primaryImageOfPage":{"@id":"https:\/\/ranoja.ee\/toode\/cedrus-bensiinimootoriga-oksapurustaja-cedrb05pro-he\/#primaryimage"},"image":{"@id":"https:\/\/ranoja.ee\/toode\/cedrus-bensiinimootoriga-oksapurustaja-cedrb05pro-he\/#primaryimage"},"thumbnailUrl":"https:\/\/ranoja.ee\/wp-content\/uploads\/2024\/07\/Cedrus-bensiinimootoriga-oksapurustaja-CEDRB05PRO-HE-1.jpg","datePublished":"2024-07-26T07:36:52+00:00","dateModified":"2025-12-10T08:48:34+00:00","description":"Cedrus bensiinimootoriga oksapurustaja CEDRB05PRO-HE Plaadi p\u00f6\u00f6rlemiskiirus: 2000 p\u00f6\u00f6ret minutis Rehvid: 16x6,5-8 Max 12cm materjalile","breadcrumb":{"@id":"https:\/\/ranoja.ee\/toode\/cedrus-bensiinimootoriga-oksapurustaja-cedrb05pro-he\/#breadcrumb"},"inLanguage":"en-US","potentialAction":[{"@type":"ReadAction","target":["https:\/\/ranoja.ee\/toode\/cedrus-bensiinimootoriga-oksapurustaja-cedrb05pro-he\/"]}]},{"@type":"ImageObject","inLanguage":"en-US","@id":"https:\/\/ranoja.ee\/toode\/cedrus-bensiinimootoriga-oksapurustaja-cedrb05pro-he\/#primaryimage","url":"https:\/\/ranoja.ee\/wp-content\/uploads\/2024\/07\/Cedrus-bensiinimootoriga-oksapurustaja-CEDRB05PRO-HE-1.jpg","contentUrl":"https:\/\/ranoja.ee\/wp-content\/uploads\/2024\/07\/Cedrus-bensiinimootoriga-oksapurustaja-CEDRB05PRO-HE-1.jpg","width":1200,"height":810,"caption":"Cedrus bensiinimootoriga oksapurustaja CEDRB05PRO-HE"},{"@type":"BreadcrumbList","@id":"https:\/\/ranoja.ee\/toode\/cedrus-bensiinimootoriga-oksapurustaja-cedrb05pro-he\/#breadcrumb","itemListElement":[{"@type":"ListItem","position":1,"name":"Home","item":"https:\/\/ranoja.ee\/"},{"@type":"ListItem","position":2,"name":"Shop","item":"https:\/\/ranoja.ee\/en\/shop\/"},{"@type":"ListItem","position":3,"name":"Cedrus bensiinimootoriga oksapurustaja CEDRB05PRO-HE"}]},{"@type":"WebSite","@id":"https:\/\/ranoja.ee\/#website","url":"https:\/\/ranoja.ee\/","name":"Ranoja","description":"Equipment Shop WooCommerce WordPress Theme for Machine &amp; Tools","publisher":{"@id":"https:\/\/ranoja.ee\/#organization"},"potentialAction":[{"@type":"SearchAction","target":{"@type":"EntryPoint","urlTemplate":"https:\/\/ranoja.ee\/?s={search_term_string}"},"query-input":{"@type":"PropertyValueSpecification","valueRequired":true,"valueName":"search_term_string"}}],"inLanguage":"en-US"},{"@type":"Organization","@id":"https:\/\/ranoja.ee\/#organization","name":"Ranoja O\u00dc","url":"https:\/\/ranoja.ee\/","logo":{"@type":"ImageObject","inLanguage":"en-US","@id":"https:\/\/ranoja.ee\/#\/schema\/logo\/image\/","url":"https:\/\/ranoja.ee\/wp-content\/uploads\/2023\/11\/ranoja-Logo.png","contentUrl":"https:\/\/ranoja.ee\/wp-content\/uploads\/2023\/11\/ranoja-Logo.png","width":207,"height":58,"caption":"Ranoja O\u00dc"},"image":{"@id":"https:\/\/ranoja.ee\/#\/schema\/logo\/image\/"},"sameAs":["https:\/\/www.facebook.com\/ranoja.ee","https:\/\/www.instagram.com\/ranoja__\/"]}]}},"_links":{"self":[{"href":"https:\/\/ranoja.ee\/en\/wp-json\/wp\/v2\/product\/10191","targetHints":{"allow":["GET"]}}],"collection":[{"href":"https:\/\/ranoja.ee\/en\/wp-json\/wp\/v2\/product"}],"about":[{"href":"https:\/\/ranoja.ee\/en\/wp-json\/wp\/v2\/types\/product"}],"wp:featuredmedia":[{"embeddable":true,"href":"https:\/\/ranoja.ee\/en\/wp-json\/wp\/v2\/media\/11738"}],"wp:attachment":[{"href":"https:\/\/ranoja.ee\/en\/wp-json\/wp\/v2\/media?parent=10191"}],"wp:term":[{"taxonomy":"product_cat","embeddable":true,"href":"https:\/\/ranoja.ee\/en\/wp-json\/wp\/v2\/product_cat?post=10191"},{"taxonomy":"product_tag","embeddable":true,"href":"https:\/\/ranoja.ee\/en\/wp-json\/wp\/v2\/product_tag?post=10191"}],"curies":[{"name":"wp","href":"https:\/\/api.w.org\/{rel}","templated":true}]}}