{"id":10088,"date":"2024-07-23T17:23:08","date_gmt":"2024-07-23T14:23:08","guid":{"rendered":"https:\/\/www.ranoja.ee\/?post_type=product&#038;p=10088"},"modified":"2025-12-10T13:14:43","modified_gmt":"2025-12-10T10:14:43","slug":"vonbloni-kaabli-paigaldamise-masin-kvm600mh","status":"publish","type":"product","link":"https:\/\/ranoja.ee\/en\/toode\/vonbloni-kaabli-paigaldamise-masin-kvm600mh\/","title":{"rendered":"Vonbloni kaabli paigaldamise masin KVM600MH"},"content":{"rendered":"<p>Vonbloni kaabli paigaldamise masin KVM600MH<br \/>\nMururobotite paigaldusmasinad ja kaablipaigaldusmasinad on kaks erinevat t\u00fc\u00fcpi seadet, mida kasutatakse erinevatel eesm\u00e4rkidel ja t\u00f6\u00f6tingimustes.<\/p>\n<p>Mururobotite paigaldusmasinad:<\/p>\n<p>Need masinad on m\u00f5eldud mururobotite (automaatsete muruniidukite) paigaldamiseks, mis on m\u00f5eldud muru regulaarseks niitmiseks.<br \/>\nMururobotite paigaldusmasinad v\u00f5ivad olla konstrueeritud spetsiaalselt mururobotite paigaldamiseks ja seadistamiseks muru niitmiseks sobivatesse piirkondadesse.<br \/>\nNeed masinad v\u00f5ivad aidata kaabli paigaldamisel muru alla, mis on vajalik mururoboti toiteallika \u00fchendamiseks.<\/p>\n<p>Kaablipaigaldusmasinad on spetsiaalselt kavandatud elektrikaablite v\u00f5i muude juhtmete paigaldamiseks maa-alustesse kanalitesse v\u00f5i torudesse.<br \/>\nNeed masinad kasutavad erinevaid meetodeid, sealhulgas rullikuid, pumbasid v\u00f5i kerimismehhanisme, et paigaldada kaableid t\u00f5husalt ja t\u00e4pselt vastavalt vajadusele.<br \/>\nKaablipaigaldusmasinad v\u00f5ivad olla varustatud bensiinimootoritega v\u00f5i elektrimootoritega, olenevalt t\u00f6\u00f6tingimustest ja kasutusvaldkonnast.<br \/>\nKuigi m\u00f5lemad masinad on m\u00f5eldud maa-aluste s\u00fcsteemide paigaldamiseks, on nende eesm\u00e4rk ja kasutusala erinevad. Mururobotite paigaldusmasinad on suunatud spetsiifiliselt mururobotite paigaldamisele ja seadistamisele, samas kui kaablipaigaldusmasinad on m\u00f5eldud laiemalt elektrikaablite ja muude juhtmete paigaldamiseks maa-alustesse kanalitesse v\u00f5i torudesse erinevates rakendustes, nagu elektris\u00fcsteemid, sidev\u00f5rgud ja muud infrastruktuurid.<\/p>\n<p>Vonbloni kaabli paigaldamise masin KVM600MH valik s\u00f5ltub konkreetsetest vajadustest ja rakendustest ning enne nende kasutamist on oluline tutvuda k\u00f5igi ohutusjuhiste ja kasutusjuhendiga ning tagada, et masinad oleksid korralikult hooldatud ja kasutatud vastavalt tootja soovitustele.<br \/>\nKaablipaigaldaja ecotech nt60<\/p>\n<p>CEDRUS on \u00fcks suurimaid aiandusmasinate, t\u00f6\u00f6riistade ning metsandus tarvikute edasim\u00fc\u00fcjaid Poolas.<br \/>\nMeie eesm\u00e4rk on pakkuda klientidele k\u00f5rgeima kvaliteediga tooteid konkurentsiv\u00f5imeliste hindadega.<br \/>\nAlates 2016. aastast oleme arendanud ka oma kaubam\u00e4rgi all olevat tootesarja Cedrus.<br \/>\nHetkel pakume enam kui 100 t\u00fc\u00fcpi CEDRUS kaubam\u00e4rgi aia- ja ehitusmasinaid, samuti k\u00f5iki hooldustarvikuid ja varuosi.<br \/>\n<img decoding=\"async\" src=\"https:\/\/www.ranoja.ee\/wp-content\/uploads\/2023\/07\/cedrus-logo-vaike-1-300x99.png\" alt=\"\" width=\"300\" height=\"99\" class=\"alignnone size-medium wp-image-5896\" srcset=\"https:\/\/ranoja.ee\/wp-content\/uploads\/2023\/07\/cedrus-logo-vaike-1-300x99.png 300w, https:\/\/ranoja.ee\/wp-content\/uploads\/2023\/07\/cedrus-logo-vaike-1.png 431w\" sizes=\"(max-width: 300px) 100vw, 300px\" \/><\/p>\n","protected":false},"excerpt":{"rendered":"<p>Vonbloni kaabli paigaldamise masin KVM600MH<br \/>\nBensiinimootor Honda GXH50, 2,1Hp, 50cm3<br \/>\nKaablipaigaldus s\u00fcgavus 40-60mm<br \/>\nL\u00f5iketera: vastupidav karastatud terasest nuga<br \/>\nKaabli paksus max. 6mm<br \/>\nKiirus max. 15m\/min<br \/>\nReguleeritav k\u00e4epide 30kraadi paremale ja 180 kraadi ette\/taha<br \/>\nKaal 45kg<br \/>\nVedav: jah<br \/>\nPooli suurus: kuni 800m<br \/>\nM\u00f5\u00f5dud: 628 x 540 x 919mm<br \/>\n<strong>Seadme eeldatav tarneaeg 1-7 t\u00f6\u00f6p\u00e4eva<\/strong><\/p>\n","protected":false},"featured_media":13971,"template":"","meta":{"inline_featured_image":false},"product_cat":[1090,413],"product_tag":[1143,414,415,178,1150,1161],"class_list":{"0":"post-10088","1":"product","2":"type-product","3":"status-publish","4":"has-post-thumbnail","6":"product_brand-cedrus","7":"product_cat-ehitustehnika","8":"product_cat-kaabli-paigaldamis-masinad","9":"product_tag-c-mow","10":"product_tag-kaabli-paigaldamis-masin","11":"product_tag-kaabli-paigaldus-masin","12":"product_tag-kaablipaigaldaja","13":"product_tag-mururobot","14":"product_tag-mururoboti-kaabel","16":"first","17":"instock","18":"taxable","19":"shipping-taxable","20":"purchasable","21":"product-type-simple"},"yoast_head":"<!-- This site is optimized with the Yoast SEO plugin v27.4 - https:\/\/yoast.com\/product\/yoast-seo-wordpress\/ -->\n<title>Vonbloni kaabli paigaldamise masin KVM600MH<\/title>\n<meta name=\"description\" content=\"Vonbloni kaabli paigaldamise masin KVM600MH, bensiinimootor Honda GXH50, 2,1hp, 50cm3, Max. t\u00f6\u00f6s\u00fcgavus 6cm, t\u00f6\u00f6kiirus 15m\/min, kaal 45kg\" \/>\n<meta name=\"robots\" content=\"index, follow, max-snippet:-1, max-image-preview:large, max-video-preview:-1\" \/>\n<link rel=\"canonical\" href=\"https:\/\/ranoja.ee\/toode\/vonbloni-kaabli-paigaldamise-masin-kvm600mh\/\" \/>\n<meta property=\"og:locale\" content=\"en_US\" \/>\n<meta property=\"og:type\" content=\"article\" \/>\n<meta property=\"og:title\" content=\"Vonbloni kaabli paigaldamise masin KVM600MH\" \/>\n<meta property=\"og:description\" content=\"Vonbloni kaabli paigaldamise masin KVM600MH, bensiinimootor Honda GXH50, 2,1hp, 50cm3, Max. t\u00f6\u00f6s\u00fcgavus 6cm, t\u00f6\u00f6kiirus 15m\/min, kaal 45kg\" \/>\n<meta property=\"og:url\" content=\"https:\/\/ranoja.ee\/toode\/vonbloni-kaabli-paigaldamise-masin-kvm600mh\/\" \/>\n<meta property=\"og:site_name\" content=\"Ranoja\" \/>\n<meta property=\"article:publisher\" content=\"https:\/\/www.facebook.com\/ranoja.ee\" \/>\n<meta property=\"article:modified_time\" content=\"2025-12-10T10:14:43+00:00\" \/>\n<meta property=\"og:image\" content=\"https:\/\/ranoja.ee\/wp-content\/uploads\/2024\/07\/Vonbloni-kaabli-paigaldamise-masin-KVM600MH.jpg\" \/>\n\t<meta property=\"og:image:width\" content=\"1014\" \/>\n\t<meta property=\"og:image:height\" content=\"1200\" \/>\n\t<meta property=\"og:image:type\" content=\"image\/jpeg\" \/>\n<meta name=\"twitter:card\" content=\"summary_large_image\" \/>\n<meta name=\"twitter:label1\" content=\"Est. reading time\" \/>\n\t<meta name=\"twitter:data1\" content=\"2 minutes\" \/>\n<script type=\"application\/ld+json\" class=\"yoast-schema-graph\">{\"@context\":\"https:\\\/\\\/schema.org\",\"@graph\":[{\"@type\":\"WebPage\",\"@id\":\"https:\\\/\\\/ranoja.ee\\\/toode\\\/vonbloni-kaabli-paigaldamise-masin-kvm600mh\\\/\",\"url\":\"https:\\\/\\\/ranoja.ee\\\/toode\\\/vonbloni-kaabli-paigaldamise-masin-kvm600mh\\\/\",\"name\":\"Vonbloni kaabli paigaldamise masin KVM600MH\",\"isPartOf\":{\"@id\":\"https:\\\/\\\/ranoja.ee\\\/#website\"},\"primaryImageOfPage\":{\"@id\":\"https:\\\/\\\/ranoja.ee\\\/toode\\\/vonbloni-kaabli-paigaldamise-masin-kvm600mh\\\/#primaryimage\"},\"image\":{\"@id\":\"https:\\\/\\\/ranoja.ee\\\/toode\\\/vonbloni-kaabli-paigaldamise-masin-kvm600mh\\\/#primaryimage\"},\"thumbnailUrl\":\"https:\\\/\\\/ranoja.ee\\\/wp-content\\\/uploads\\\/2024\\\/07\\\/Vonbloni-kaabli-paigaldamise-masin-KVM600MH.jpg\",\"datePublished\":\"2024-07-23T14:23:08+00:00\",\"dateModified\":\"2025-12-10T10:14:43+00:00\",\"description\":\"Vonbloni kaabli paigaldamise masin KVM600MH, bensiinimootor Honda GXH50, 2,1hp, 50cm3, Max. t\u00f6\u00f6s\u00fcgavus 6cm, t\u00f6\u00f6kiirus 15m\\\/min, kaal 45kg\",\"breadcrumb\":{\"@id\":\"https:\\\/\\\/ranoja.ee\\\/toode\\\/vonbloni-kaabli-paigaldamise-masin-kvm600mh\\\/#breadcrumb\"},\"inLanguage\":\"en-US\",\"potentialAction\":[{\"@type\":\"ReadAction\",\"target\":[\"https:\\\/\\\/ranoja.ee\\\/toode\\\/vonbloni-kaabli-paigaldamise-masin-kvm600mh\\\/\"]}]},{\"@type\":\"ImageObject\",\"inLanguage\":\"en-US\",\"@id\":\"https:\\\/\\\/ranoja.ee\\\/toode\\\/vonbloni-kaabli-paigaldamise-masin-kvm600mh\\\/#primaryimage\",\"url\":\"https:\\\/\\\/ranoja.ee\\\/wp-content\\\/uploads\\\/2024\\\/07\\\/Vonbloni-kaabli-paigaldamise-masin-KVM600MH.jpg\",\"contentUrl\":\"https:\\\/\\\/ranoja.ee\\\/wp-content\\\/uploads\\\/2024\\\/07\\\/Vonbloni-kaabli-paigaldamise-masin-KVM600MH.jpg\",\"width\":1014,\"height\":1200,\"caption\":\"Vonbloni kaabli paigaldamise masin KVM600MH\"},{\"@type\":\"BreadcrumbList\",\"@id\":\"https:\\\/\\\/ranoja.ee\\\/toode\\\/vonbloni-kaabli-paigaldamise-masin-kvm600mh\\\/#breadcrumb\",\"itemListElement\":[{\"@type\":\"ListItem\",\"position\":1,\"name\":\"Home\",\"item\":\"https:\\\/\\\/ranoja.ee\\\/\"},{\"@type\":\"ListItem\",\"position\":2,\"name\":\"Shop\",\"item\":\"https:\\\/\\\/ranoja.ee\\\/en\\\/shop\\\/\"},{\"@type\":\"ListItem\",\"position\":3,\"name\":\"Vonbloni kaabli paigaldamise masin KVM600MH\"}]},{\"@type\":\"WebSite\",\"@id\":\"https:\\\/\\\/ranoja.ee\\\/#website\",\"url\":\"https:\\\/\\\/ranoja.ee\\\/\",\"name\":\"Ranoja\",\"description\":\"Equipment Shop WooCommerce WordPress Theme for Machine &amp; Tools\",\"publisher\":{\"@id\":\"https:\\\/\\\/ranoja.ee\\\/#organization\"},\"potentialAction\":[{\"@type\":\"SearchAction\",\"target\":{\"@type\":\"EntryPoint\",\"urlTemplate\":\"https:\\\/\\\/ranoja.ee\\\/?s={search_term_string}\"},\"query-input\":{\"@type\":\"PropertyValueSpecification\",\"valueRequired\":true,\"valueName\":\"search_term_string\"}}],\"inLanguage\":\"en-US\"},{\"@type\":\"Organization\",\"@id\":\"https:\\\/\\\/ranoja.ee\\\/#organization\",\"name\":\"Ranoja O\u00dc\",\"url\":\"https:\\\/\\\/ranoja.ee\\\/\",\"logo\":{\"@type\":\"ImageObject\",\"inLanguage\":\"en-US\",\"@id\":\"https:\\\/\\\/ranoja.ee\\\/#\\\/schema\\\/logo\\\/image\\\/\",\"url\":\"https:\\\/\\\/ranoja.ee\\\/wp-content\\\/uploads\\\/2023\\\/11\\\/ranoja-Logo.png\",\"contentUrl\":\"https:\\\/\\\/ranoja.ee\\\/wp-content\\\/uploads\\\/2023\\\/11\\\/ranoja-Logo.png\",\"width\":207,\"height\":58,\"caption\":\"Ranoja O\u00dc\"},\"image\":{\"@id\":\"https:\\\/\\\/ranoja.ee\\\/#\\\/schema\\\/logo\\\/image\\\/\"},\"sameAs\":[\"https:\\\/\\\/www.facebook.com\\\/ranoja.ee\",\"https:\\\/\\\/www.instagram.com\\\/ranoja__\\\/\"]}]}<\/script>\n<!-- \/ Yoast SEO plugin. -->","yoast_head_json":{"title":"Vonbloni kaabli paigaldamise masin KVM600MH","description":"Vonbloni kaabli paigaldamise masin KVM600MH, bensiinimootor Honda GXH50, 2,1hp, 50cm3, Max. t\u00f6\u00f6s\u00fcgavus 6cm, t\u00f6\u00f6kiirus 15m\/min, kaal 45kg","robots":{"index":"index","follow":"follow","max-snippet":"max-snippet:-1","max-image-preview":"max-image-preview:large","max-video-preview":"max-video-preview:-1"},"canonical":"https:\/\/ranoja.ee\/toode\/vonbloni-kaabli-paigaldamise-masin-kvm600mh\/","og_locale":"en_US","og_type":"article","og_title":"Vonbloni kaabli paigaldamise masin KVM600MH","og_description":"Vonbloni kaabli paigaldamise masin KVM600MH, bensiinimootor Honda GXH50, 2,1hp, 50cm3, Max. t\u00f6\u00f6s\u00fcgavus 6cm, t\u00f6\u00f6kiirus 15m\/min, kaal 45kg","og_url":"https:\/\/ranoja.ee\/toode\/vonbloni-kaabli-paigaldamise-masin-kvm600mh\/","og_site_name":"Ranoja","article_publisher":"https:\/\/www.facebook.com\/ranoja.ee","article_modified_time":"2025-12-10T10:14:43+00:00","og_image":[{"width":1014,"height":1200,"url":"https:\/\/ranoja.ee\/wp-content\/uploads\/2024\/07\/Vonbloni-kaabli-paigaldamise-masin-KVM600MH.jpg","type":"image\/jpeg"}],"twitter_card":"summary_large_image","twitter_misc":{"Est. reading time":"2 minutes"},"schema":{"@context":"https:\/\/schema.org","@graph":[{"@type":"WebPage","@id":"https:\/\/ranoja.ee\/toode\/vonbloni-kaabli-paigaldamise-masin-kvm600mh\/","url":"https:\/\/ranoja.ee\/toode\/vonbloni-kaabli-paigaldamise-masin-kvm600mh\/","name":"Vonbloni kaabli paigaldamise masin KVM600MH","isPartOf":{"@id":"https:\/\/ranoja.ee\/#website"},"primaryImageOfPage":{"@id":"https:\/\/ranoja.ee\/toode\/vonbloni-kaabli-paigaldamise-masin-kvm600mh\/#primaryimage"},"image":{"@id":"https:\/\/ranoja.ee\/toode\/vonbloni-kaabli-paigaldamise-masin-kvm600mh\/#primaryimage"},"thumbnailUrl":"https:\/\/ranoja.ee\/wp-content\/uploads\/2024\/07\/Vonbloni-kaabli-paigaldamise-masin-KVM600MH.jpg","datePublished":"2024-07-23T14:23:08+00:00","dateModified":"2025-12-10T10:14:43+00:00","description":"Vonbloni kaabli paigaldamise masin KVM600MH, bensiinimootor Honda GXH50, 2,1hp, 50cm3, Max. t\u00f6\u00f6s\u00fcgavus 6cm, t\u00f6\u00f6kiirus 15m\/min, kaal 45kg","breadcrumb":{"@id":"https:\/\/ranoja.ee\/toode\/vonbloni-kaabli-paigaldamise-masin-kvm600mh\/#breadcrumb"},"inLanguage":"en-US","potentialAction":[{"@type":"ReadAction","target":["https:\/\/ranoja.ee\/toode\/vonbloni-kaabli-paigaldamise-masin-kvm600mh\/"]}]},{"@type":"ImageObject","inLanguage":"en-US","@id":"https:\/\/ranoja.ee\/toode\/vonbloni-kaabli-paigaldamise-masin-kvm600mh\/#primaryimage","url":"https:\/\/ranoja.ee\/wp-content\/uploads\/2024\/07\/Vonbloni-kaabli-paigaldamise-masin-KVM600MH.jpg","contentUrl":"https:\/\/ranoja.ee\/wp-content\/uploads\/2024\/07\/Vonbloni-kaabli-paigaldamise-masin-KVM600MH.jpg","width":1014,"height":1200,"caption":"Vonbloni kaabli paigaldamise masin KVM600MH"},{"@type":"BreadcrumbList","@id":"https:\/\/ranoja.ee\/toode\/vonbloni-kaabli-paigaldamise-masin-kvm600mh\/#breadcrumb","itemListElement":[{"@type":"ListItem","position":1,"name":"Home","item":"https:\/\/ranoja.ee\/"},{"@type":"ListItem","position":2,"name":"Shop","item":"https:\/\/ranoja.ee\/en\/shop\/"},{"@type":"ListItem","position":3,"name":"Vonbloni kaabli paigaldamise masin KVM600MH"}]},{"@type":"WebSite","@id":"https:\/\/ranoja.ee\/#website","url":"https:\/\/ranoja.ee\/","name":"Ranoja","description":"Equipment Shop WooCommerce WordPress Theme for Machine &amp; Tools","publisher":{"@id":"https:\/\/ranoja.ee\/#organization"},"potentialAction":[{"@type":"SearchAction","target":{"@type":"EntryPoint","urlTemplate":"https:\/\/ranoja.ee\/?s={search_term_string}"},"query-input":{"@type":"PropertyValueSpecification","valueRequired":true,"valueName":"search_term_string"}}],"inLanguage":"en-US"},{"@type":"Organization","@id":"https:\/\/ranoja.ee\/#organization","name":"Ranoja O\u00dc","url":"https:\/\/ranoja.ee\/","logo":{"@type":"ImageObject","inLanguage":"en-US","@id":"https:\/\/ranoja.ee\/#\/schema\/logo\/image\/","url":"https:\/\/ranoja.ee\/wp-content\/uploads\/2023\/11\/ranoja-Logo.png","contentUrl":"https:\/\/ranoja.ee\/wp-content\/uploads\/2023\/11\/ranoja-Logo.png","width":207,"height":58,"caption":"Ranoja O\u00dc"},"image":{"@id":"https:\/\/ranoja.ee\/#\/schema\/logo\/image\/"},"sameAs":["https:\/\/www.facebook.com\/ranoja.ee","https:\/\/www.instagram.com\/ranoja__\/"]}]}},"_links":{"self":[{"href":"https:\/\/ranoja.ee\/en\/wp-json\/wp\/v2\/product\/10088","targetHints":{"allow":["GET"]}}],"collection":[{"href":"https:\/\/ranoja.ee\/en\/wp-json\/wp\/v2\/product"}],"about":[{"href":"https:\/\/ranoja.ee\/en\/wp-json\/wp\/v2\/types\/product"}],"wp:featuredmedia":[{"embeddable":true,"href":"https:\/\/ranoja.ee\/en\/wp-json\/wp\/v2\/media\/13971"}],"wp:attachment":[{"href":"https:\/\/ranoja.ee\/en\/wp-json\/wp\/v2\/media?parent=10088"}],"wp:term":[{"taxonomy":"product_cat","embeddable":true,"href":"https:\/\/ranoja.ee\/en\/wp-json\/wp\/v2\/product_cat?post=10088"},{"taxonomy":"product_tag","embeddable":true,"href":"https:\/\/ranoja.ee\/en\/wp-json\/wp\/v2\/product_tag?post=10088"}],"curies":[{"name":"wp","href":"https:\/\/api.w.org\/{rel}","templated":true}]}}