{"id":8887,"date":"2022-08-26T08:42:39","date_gmt":"2022-08-26T05:42:39","guid":{"rendered":"https:\/\/www.ranoja.ee\/kontakt-ranoja-ehitustehnika-muuk-aiatehnika-muuk\/"},"modified":"2024-04-06T13:02:35","modified_gmt":"2024-04-06T10:02:35","slug":"contact","status":"publish","type":"page","link":"https:\/\/ranoja.ee\/en\/contact\/","title":{"rendered":"Contact"},"content":{"rendered":"\t\t<div data-elementor-type=\"wp-page\" data-elementor-id=\"8887\" class=\"elementor elementor-8887 elementor-51\" data-elementor-post-type=\"page\">\n\t\t\t\t\t\t<div class=\"elementor-section elementor-top-section elementor-element elementor-element-5da01c3 elementor-section-stretched elementor-section-boxed elementor-section-height-default elementor-section-height-default\" data-id=\"5da01c3\" data-element_type=\"section\" data-e-type=\"section\" data-settings=\"{&quot;stretch_section&quot;:&quot;section-stretched&quot;}\">\n\t\t\t\t\t\t<div class=\"elementor-container elementor-column-gap-no\">\n\t\t\t\t\t<div class=\"elementor-column elementor-col-50 elementor-top-column elementor-element elementor-element-aed9a5f\" data-id=\"aed9a5f\" data-element_type=\"column\" data-e-type=\"column\">\n\t\t\t<div class=\"elementor-widget-wrap elementor-element-populated\">\n\t\t\t\t\t\t<div class=\"elementor-element elementor-element-e107e3f elementor-widget elementor-widget-heading\" data-id=\"e107e3f\" data-element_type=\"widget\" data-e-type=\"widget\" data-widget_type=\"heading.default\">\n\t\t\t\t<div class=\"elementor-widget-container\">\n\t\t\t\t\t<h1 class=\"elementor-heading-title elementor-size-default\">ABOUT US<\/h1>\t\t\t\t<\/div>\n\t\t\t\t<\/div>\n\t\t\t\t<div class=\"elementor-element elementor-element-708f0bf elementor-widget__width-initial elementor-widget-laptop__width-inherit elementor-widget elementor-widget-text-editor\" data-id=\"708f0bf\" data-element_type=\"widget\" data-e-type=\"widget\" data-widget_type=\"text-editor.default\">\n\t\t\t\t<div class=\"elementor-widget-container\">\n\t\t\t\t\t\t\t\t\t<p>Our selection includes reliable garden equipment and construction equipment.<br \/>Ranoja has been the importer of Cedrus and Lumag equipment in Estonia for over 5 years!<br \/>We are a flexible company ensuring strong follow-up support for all sold devices.<br \/>Orienting ourselves to the wishes and problems of our customers, we have grown our name and trust step by step.<\/p><p>We offer repair, maintenance and spare parts for all Lumag and Cedrus products at our Paide office.<\/p>\t\t\t\t\t\t\t\t<\/div>\n\t\t\t\t<\/div>\n\t\t\t\t<div class=\"elementor-element elementor-element-28e801c contact-form-align-center elementor-widget__width-initial elementor-widget-laptop__width-inherit elementor-widget elementor-widget-allegro2-contactform\" data-id=\"28e801c\" data-element_type=\"widget\" data-e-type=\"widget\" data-widget_type=\"allegro2-contactform.default\">\n\t\t\t\t<div class=\"elementor-widget-container\">\n\t\t\t\t\t\n<div class=\"wpcf7 no-js\" id=\"wpcf7-f8886-o1\" lang=\"en-US\" dir=\"ltr\" data-wpcf7-id=\"8886\">\n<div class=\"screen-reader-response\"><p role=\"status\" aria-live=\"polite\" aria-atomic=\"true\"><\/p> <ul><\/ul><\/div>\n<form action=\"\/en\/wp-json\/wp\/v2\/pages\/8887#wpcf7-f8886-o1\" method=\"post\" class=\"wpcf7-form init\" aria-label=\"Contact form\" novalidate=\"novalidate\" data-status=\"init\">\n<fieldset class=\"hidden-fields-container\"><input type=\"hidden\" name=\"_wpcf7\" value=\"8886\" \/><input type=\"hidden\" name=\"_wpcf7_version\" value=\"6.1.5\" \/><input type=\"hidden\" name=\"_wpcf7_locale\" value=\"en_US\" \/><input type=\"hidden\" name=\"_wpcf7_unit_tag\" value=\"wpcf7-f8886-o1\" \/><input type=\"hidden\" name=\"_wpcf7_container_post\" value=\"0\" \/><input type=\"hidden\" name=\"_wpcf7_posted_data_hash\" value=\"\" \/><input type=\"hidden\" name=\"_wpcf7_recaptcha_response\" value=\"\" \/>\n<\/fieldset>\n<div class=\"row row-form\">\n\t<div class=\"column-12\">\n\t\t<p><span class=\"wpcf7-form-control-wrap\" data-name=\"nimi\"><input size=\"40\" maxlength=\"400\" class=\"wpcf7-form-control wpcf7-text\" id=\"form-name-2\" aria-invalid=\"false\" placeholder=\"Name\" value=\"\" type=\"text\" name=\"nimi\" \/><\/span>\n\t\t<\/p>\n\t<\/div>\n\t<div class=\"column-12\">\n\t\t<p><span class=\"wpcf7-form-control-wrap\" data-name=\"epost\"><input size=\"40\" maxlength=\"400\" class=\"wpcf7-form-control wpcf7-email wpcf7-validates-as-required wpcf7-text wpcf7-validates-as-email\" id=\"form-email-2\" aria-required=\"true\" aria-invalid=\"false\" placeholder=\"Email*\" value=\"\" type=\"email\" name=\"epost\" \/><\/span>\n\t\t<\/p>\n\t<\/div>\n<\/div>\n<div class=\"row row-form\">\n\t<div class=\"column-12\">\n\t\t<p><span class=\"wpcf7-form-control-wrap\" data-name=\"tekst\"><textarea cols=\"40\" rows=\"5\" maxlength=\"2000\" class=\"wpcf7-form-control wpcf7-textarea\" aria-invalid=\"false\" placeholder=\"Message\" name=\"tekst\"><\/textarea><\/span>\n\t\t<\/p>\n\t<\/div>\n<\/div>\n<div class=\"row row-form\">\n<\/div>\n<div class=\"wpcf7-button\">\n\t<p><button  type=\"submit\" value=\"Submit\"><span>Send<\/span><\/button>\n\t<\/p>\n<\/div><div class=\"wpcf7-response-output\" aria-hidden=\"true\"><\/div>\n<\/form>\n<\/div>\n\t\t\t\t<\/div>\n\t\t\t\t<\/div>\n\t\t\t\t\t<\/div>\n\t\t<\/div>\n\t\t\t\t<div class=\"elementor-column elementor-col-50 elementor-top-column elementor-element elementor-element-c06722a\" data-id=\"c06722a\" data-element_type=\"column\" data-e-type=\"column\">\n\t\t\t<div class=\"elementor-widget-wrap elementor-element-populated\">\n\t\t\t\t\t\t<div class=\"elementor-element elementor-element-f1d6cfa elementor-widget elementor-widget-google_maps\" data-id=\"f1d6cfa\" data-element_type=\"widget\" data-e-type=\"widget\" data-widget_type=\"google_maps.default\">\n\t\t\t\t<div class=\"elementor-widget-container\">\n\t\t\t\t\t\t\t<div class=\"elementor-custom-embed\">\n\t\t\t<iframe loading=\"lazy\"\n\t\t\t\t\tsrc=\"https:\/\/maps.google.com\/maps?q=Ranoja%20O%C3%9C%20P%C3%A4rnu%20116b%2C%20Paide%2C%2072720%20J%C3%A4rva%20maakond&#038;t=m&#038;z=17&#038;output=embed&#038;iwloc=near\"\n\t\t\t\t\ttitle=\"Ranoja O\u00dc P\u00e4rnu 116b, Paide, 72720 J\u00e4rva maakond\"\n\t\t\t\t\taria-label=\"Ranoja O\u00dc P\u00e4rnu 116b, Paide, 72720 J\u00e4rva maakond\"\n\t\t\t><\/iframe>\n\t\t<\/div>\n\t\t\t\t\t\t<\/div>\n\t\t\t\t<\/div>\n\t\t\t\t<section class=\"elementor-section elementor-inner-section elementor-element elementor-element-793fbe4 elementor-section-boxed elementor-section-height-default elementor-section-height-default\" data-id=\"793fbe4\" data-element_type=\"section\" data-e-type=\"section\">\n\t\t\t\t\t\t<div class=\"elementor-container elementor-column-gap-default\">\n\t\t\t\t\t<div class=\"elementor-column elementor-col-50 elementor-inner-column elementor-element elementor-element-204aee4\" data-id=\"204aee4\" data-element_type=\"column\" data-e-type=\"column\">\n\t\t\t<div class=\"elementor-widget-wrap elementor-element-populated\">\n\t\t\t\t\t\t<div class=\"elementor-element elementor-element-f53d0a6 elementor-widget elementor-widget-text-editor\" data-id=\"f53d0a6\" data-element_type=\"widget\" data-e-type=\"widget\" data-widget_type=\"text-editor.default\">\n\t\t\t\t<div class=\"elementor-widget-container\">\n\t\t\t\t\t\t\t\t\t<p style=\"text-align: center;\"><strong>Heigo Oja<\/strong><br \/><a href=\"tel:+37253736384\">+372 537 363 84<\/a><br \/><a href=\"mailto:heigo@ranoja.ee\">heigo@ranoja.ee<\/a><\/p>\t\t\t\t\t\t\t\t<\/div>\n\t\t\t\t<\/div>\n\t\t\t\t\t<\/div>\n\t\t<\/div>\n\t\t\t\t<div class=\"elementor-column elementor-col-50 elementor-inner-column elementor-element elementor-element-c35244a\" data-id=\"c35244a\" data-element_type=\"column\" data-e-type=\"column\">\n\t\t\t<div class=\"elementor-widget-wrap elementor-element-populated\">\n\t\t\t\t\t\t<div class=\"elementor-element elementor-element-fd34f39 elementor-widget elementor-widget-text-editor\" data-id=\"fd34f39\" data-element_type=\"widget\" data-e-type=\"widget\" data-widget_type=\"text-editor.default\">\n\t\t\t\t<div class=\"elementor-widget-container\">\n\t\t\t\t\t\t\t\t\t<p style=\"text-align: center;\"><strong>Randar Pert<\/strong><br \/><a href=\"tel:+37253092905\">+372 530 929 05<\/a><br \/><a href=\"mailto:randar@ranoja.ee\">randar@ranoja.ee<\/a><\/p>\t\t\t\t\t\t\t\t<\/div>\n\t\t\t\t<\/div>\n\t\t\t\t\t<\/div>\n\t\t<\/div>\n\t\t\t\t\t<\/div>\n\t\t<\/section>\n\t\t\t\t<div class=\"elementor-element elementor-element-244c0d3 elementor-widget elementor-widget-text-editor\" data-id=\"244c0d3\" data-element_type=\"widget\" data-e-type=\"widget\" data-widget_type=\"text-editor.default\">\n\t\t\t\t<div class=\"elementor-widget-container\">\n\t\t\t\t\t\t\t\t\t<div class=\"place-name\" style=\"text-align: center;\"><strong>Ranoja O\u00dc<\/strong><\/div><div class=\"address\" style=\"text-align: center;\"><span style=\"color: #000000;\">P\u00e4rnu 116b, Paide, 72720 J\u00e4rva maakond<\/span><\/div><div>\u00a0<\/div>\t\t\t\t\t\t\t\t<\/div>\n\t\t\t\t<\/div>\n\t\t\t\t\t<\/div>\n\t\t<\/div>\n\t\t\t\t\t<\/div>\n\t\t<\/div>\n\t\t\t\t<section class=\"elementor-section elementor-top-section elementor-element elementor-element-adde7aa elementor-section-boxed elementor-section-height-default elementor-section-height-default\" data-id=\"adde7aa\" data-element_type=\"section\" data-e-type=\"section\">\n\t\t\t\t\t\t<div class=\"elementor-container elementor-column-gap-default\">\n\t\t\t\t\t<div class=\"elementor-column elementor-col-100 elementor-top-column elementor-element elementor-element-c419943\" data-id=\"c419943\" data-element_type=\"column\" data-e-type=\"column\">\n\t\t\t<div class=\"elementor-widget-wrap elementor-element-populated\">\n\t\t\t\t\t\t<div class=\"elementor-element elementor-element-b35f536 elementor-invisible elementor-widget elementor-widget-heading\" data-id=\"b35f536\" data-element_type=\"widget\" data-e-type=\"widget\" data-settings=\"{&quot;_animation&quot;:&quot;fadeInRight&quot;}\" data-widget_type=\"heading.default\">\n\t\t\t\t<div class=\"elementor-widget-container\">\n\t\t\t\t\t<h5 class=\"elementor-heading-title elementor-size-default\">You are always welcome to visit our office in the heart of Estonia!\n\nWe are open Mon-Fri 9:00-17:30 (other times by arrangement)<\/h5>\t\t\t\t<\/div>\n\t\t\t\t<\/div>\n\t\t\t\t\t<\/div>\n\t\t<\/div>\n\t\t\t\t\t<\/div>\n\t\t<\/section>\n\t\t\t\t<section class=\"elementor-section elementor-top-section elementor-element elementor-element-dd9b762 elementor-section-height-min-height elementor-section-boxed elementor-section-height-default elementor-section-items-middle\" data-id=\"dd9b762\" data-element_type=\"section\" data-e-type=\"section\">\n\t\t\t\t\t\t<div class=\"elementor-container elementor-column-gap-default\">\n\t\t\t\t\t<div class=\"elementor-column elementor-col-50 elementor-top-column elementor-element elementor-element-33c2a2c\" data-id=\"33c2a2c\" data-element_type=\"column\" data-e-type=\"column\">\n\t\t\t<div class=\"elementor-widget-wrap elementor-element-populated\">\n\t\t\t\t\t\t<div class=\"elementor-element elementor-element-5904412 elementor-invisible elementor-widget elementor-widget-image\" data-id=\"5904412\" data-element_type=\"widget\" data-e-type=\"widget\" data-settings=\"{&quot;_animation&quot;:&quot;fadeInLeft&quot;}\" data-widget_type=\"image.default\">\n\t\t\t\t<div class=\"elementor-widget-container\">\n\t\t\t\t\t\t\t\t\t\t\t\t\t\t\t<img fetchpriority=\"high\" decoding=\"async\" width=\"980\" height=\"449\" src=\"https:\/\/ranoja.ee\/wp-content\/uploads\/2023\/11\/viber_image_2023-11-30_15-15-00-677-1024x469.jpg\" class=\"attachment-large size-large wp-image-7244\" alt=\"\" srcset=\"https:\/\/ranoja.ee\/wp-content\/uploads\/2023\/11\/viber_image_2023-11-30_15-15-00-677-1024x469.jpg 1024w, https:\/\/ranoja.ee\/wp-content\/uploads\/2023\/11\/viber_image_2023-11-30_15-15-00-677-300x138.jpg 300w, https:\/\/ranoja.ee\/wp-content\/uploads\/2023\/11\/viber_image_2023-11-30_15-15-00-677-768x352.jpg 768w, https:\/\/ranoja.ee\/wp-content\/uploads\/2023\/11\/viber_image_2023-11-30_15-15-00-677-1536x704.jpg 1536w, https:\/\/ranoja.ee\/wp-content\/uploads\/2023\/11\/viber_image_2023-11-30_15-15-00-677-800x367.jpg 800w, https:\/\/ranoja.ee\/wp-content\/uploads\/2023\/11\/viber_image_2023-11-30_15-15-00-677.jpg 1800w\" sizes=\"(max-width: 980px) 100vw, 980px\" \/>\t\t\t\t\t\t\t\t\t\t\t\t\t\t\t<\/div>\n\t\t\t\t<\/div>\n\t\t\t\t\t<\/div>\n\t\t<\/div>\n\t\t\t\t<div class=\"elementor-column elementor-col-50 elementor-top-column elementor-element elementor-element-d540491\" data-id=\"d540491\" data-element_type=\"column\" data-e-type=\"column\">\n\t\t\t<div class=\"elementor-widget-wrap elementor-element-populated\">\n\t\t\t\t\t\t<div class=\"elementor-element elementor-element-af5bc11 elementor-invisible elementor-widget elementor-widget-image\" data-id=\"af5bc11\" data-element_type=\"widget\" data-e-type=\"widget\" data-settings=\"{&quot;_animation&quot;:&quot;fadeInRight&quot;}\" data-widget_type=\"image.default\">\n\t\t\t\t<div class=\"elementor-widget-container\">\n\t\t\t\t\t\t\t\t\t\t\t\t\t\t\t<img decoding=\"async\" width=\"980\" height=\"449\" src=\"https:\/\/ranoja.ee\/wp-content\/uploads\/2023\/11\/esindus-3-1024x469.jpg\" class=\"attachment-large size-large wp-image-7242\" alt=\"\" srcset=\"https:\/\/ranoja.ee\/wp-content\/uploads\/2023\/11\/esindus-3-1024x469.jpg 1024w, https:\/\/ranoja.ee\/wp-content\/uploads\/2023\/11\/esindus-3-300x138.jpg 300w, https:\/\/ranoja.ee\/wp-content\/uploads\/2023\/11\/esindus-3-768x352.jpg 768w, https:\/\/ranoja.ee\/wp-content\/uploads\/2023\/11\/esindus-3-1536x704.jpg 1536w, https:\/\/ranoja.ee\/wp-content\/uploads\/2023\/11\/esindus-3-800x367.jpg 800w, https:\/\/ranoja.ee\/wp-content\/uploads\/2023\/11\/esindus-3.jpg 1800w\" sizes=\"(max-width: 980px) 100vw, 980px\" \/>\t\t\t\t\t\t\t\t\t\t\t\t\t\t\t<\/div>\n\t\t\t\t<\/div>\n\t\t\t\t\t<\/div>\n\t\t<\/div>\n\t\t\t\t\t<\/div>\n\t\t<\/section>\n\t\t\t\t<\/div>\n\t\t","protected":false},"excerpt":{"rendered":"<p>ABOUT US Our selection includes reliable garden equipment and construction equipment.Ranoja has been the importer of Cedrus and Lumag equipment in Estonia for over 5 years!We are a flexible company ensuring strong follow-up support for all sold devices.Orienting ourselves to the wishes and problems of our customers, we have grown our name and trust step [&hellip;]<\/p>\n","protected":false},"author":5,"featured_media":0,"parent":0,"menu_order":0,"comment_status":"closed","ping_status":"closed","template":"","meta":{"inline_featured_image":false,"footnotes":""},"class_list":["post-8887","page","type-page","status-publish","hentry"],"yoast_head":"<!-- This site is optimized with the Yoast SEO plugin v27.4 - https:\/\/yoast.com\/product\/yoast-seo-wordpress\/ -->\n<title>Contact - Ranoja kontakt-Ranoja-ehitustehnika m\u00fc\u00fck-aiatehnika m\u00fc\u00fck<\/title>\n<meta name=\"description\" content=\"Oleme Lumag GmbH ja CEDRUS POLSKA seadmete ning varuosade edasim\u00fc\u00fcja Eestis. Pakume k\u00f5ikidele Lumag ja Cedrus toodetele remonti ning hooldust. Omame kogemust seadmetega juba \u00fcle 5 aasta.\" \/>\n<meta name=\"robots\" content=\"index, follow, max-snippet:-1, max-image-preview:large, max-video-preview:-1\" \/>\n<link rel=\"canonical\" href=\"https:\/\/ranoja.ee\/kontakt-ranoja-ehitustehnika-muuk-aiatehnika-muuk\/\" \/>\n<meta property=\"og:locale\" content=\"en_US\" \/>\n<meta property=\"og:type\" content=\"article\" \/>\n<meta property=\"og:title\" content=\"Contact - Ranoja kontakt-Ranoja-ehitustehnika m\u00fc\u00fck-aiatehnika m\u00fc\u00fck\" \/>\n<meta property=\"og:description\" content=\"Oleme Lumag GmbH ja CEDRUS POLSKA seadmete ning varuosade edasim\u00fc\u00fcja Eestis. Pakume k\u00f5ikidele Lumag ja Cedrus toodetele remonti ning hooldust. Omame kogemust seadmetega juba \u00fcle 5 aasta.\" \/>\n<meta property=\"og:url\" content=\"https:\/\/ranoja.ee\/kontakt-ranoja-ehitustehnika-muuk-aiatehnika-muuk\/\" \/>\n<meta property=\"og:site_name\" content=\"Ranoja\" \/>\n<meta property=\"article:publisher\" content=\"https:\/\/www.facebook.com\/ranoja.ee\" \/>\n<meta property=\"article:modified_time\" content=\"2024-04-06T10:02:35+00:00\" \/>\n<meta property=\"og:image\" content=\"https:\/\/www.ranoja.ee\/wp-content\/uploads\/2023\/11\/viber_image_2023-11-30_15-15-00-677-1024x469.jpg\" \/>\n<meta name=\"twitter:card\" content=\"summary_large_image\" \/>\n<meta name=\"twitter:label1\" content=\"Est. reading time\" \/>\n\t<meta name=\"twitter:data1\" content=\"1 minute\" \/>\n<script type=\"application\/ld+json\" class=\"yoast-schema-graph\">{\"@context\":\"https:\\\/\\\/schema.org\",\"@graph\":[{\"@type\":\"WebPage\",\"@id\":\"https:\\\/\\\/ranoja.ee\\\/kontakt-ranoja-ehitustehnika-muuk-aiatehnika-muuk\\\/\",\"url\":\"https:\\\/\\\/ranoja.ee\\\/kontakt-ranoja-ehitustehnika-muuk-aiatehnika-muuk\\\/\",\"name\":\"Contact - Ranoja kontakt-Ranoja-ehitustehnika m\u00fc\u00fck-aiatehnika m\u00fc\u00fck\",\"isPartOf\":{\"@id\":\"https:\\\/\\\/ranoja.ee\\\/#website\"},\"primaryImageOfPage\":{\"@id\":\"https:\\\/\\\/ranoja.ee\\\/kontakt-ranoja-ehitustehnika-muuk-aiatehnika-muuk\\\/#primaryimage\"},\"image\":{\"@id\":\"https:\\\/\\\/ranoja.ee\\\/kontakt-ranoja-ehitustehnika-muuk-aiatehnika-muuk\\\/#primaryimage\"},\"thumbnailUrl\":\"https:\\\/\\\/www.ranoja.ee\\\/wp-content\\\/uploads\\\/2023\\\/11\\\/viber_image_2023-11-30_15-15-00-677-1024x469.jpg\",\"datePublished\":\"2022-08-26T05:42:39+00:00\",\"dateModified\":\"2024-04-06T10:02:35+00:00\",\"description\":\"Oleme Lumag GmbH ja CEDRUS POLSKA seadmete ning varuosade edasim\u00fc\u00fcja Eestis. Pakume k\u00f5ikidele Lumag ja Cedrus toodetele remonti ning hooldust. Omame kogemust seadmetega juba \u00fcle 5 aasta.\",\"breadcrumb\":{\"@id\":\"https:\\\/\\\/ranoja.ee\\\/kontakt-ranoja-ehitustehnika-muuk-aiatehnika-muuk\\\/#breadcrumb\"},\"inLanguage\":\"en-US\",\"potentialAction\":[{\"@type\":\"ReadAction\",\"target\":[\"https:\\\/\\\/ranoja.ee\\\/kontakt-ranoja-ehitustehnika-muuk-aiatehnika-muuk\\\/\"]}]},{\"@type\":\"ImageObject\",\"inLanguage\":\"en-US\",\"@id\":\"https:\\\/\\\/ranoja.ee\\\/kontakt-ranoja-ehitustehnika-muuk-aiatehnika-muuk\\\/#primaryimage\",\"url\":\"https:\\\/\\\/www.ranoja.ee\\\/wp-content\\\/uploads\\\/2023\\\/11\\\/viber_image_2023-11-30_15-15-00-677-1024x469.jpg\",\"contentUrl\":\"https:\\\/\\\/www.ranoja.ee\\\/wp-content\\\/uploads\\\/2023\\\/11\\\/viber_image_2023-11-30_15-15-00-677-1024x469.jpg\"},{\"@type\":\"BreadcrumbList\",\"@id\":\"https:\\\/\\\/ranoja.ee\\\/kontakt-ranoja-ehitustehnika-muuk-aiatehnika-muuk\\\/#breadcrumb\",\"itemListElement\":[{\"@type\":\"ListItem\",\"position\":1,\"name\":\"Home\",\"item\":\"https:\\\/\\\/ranoja.ee\\\/\"},{\"@type\":\"ListItem\",\"position\":2,\"name\":\"Contact\"}]},{\"@type\":\"WebSite\",\"@id\":\"https:\\\/\\\/ranoja.ee\\\/#website\",\"url\":\"https:\\\/\\\/ranoja.ee\\\/\",\"name\":\"Ranoja\",\"description\":\"Equipment Shop WooCommerce WordPress Theme for Machine &amp; Tools\",\"publisher\":{\"@id\":\"https:\\\/\\\/ranoja.ee\\\/#organization\"},\"potentialAction\":[{\"@type\":\"SearchAction\",\"target\":{\"@type\":\"EntryPoint\",\"urlTemplate\":\"https:\\\/\\\/ranoja.ee\\\/?s={search_term_string}\"},\"query-input\":{\"@type\":\"PropertyValueSpecification\",\"valueRequired\":true,\"valueName\":\"search_term_string\"}}],\"inLanguage\":\"en-US\"},{\"@type\":\"Organization\",\"@id\":\"https:\\\/\\\/ranoja.ee\\\/#organization\",\"name\":\"Ranoja O\u00dc\",\"url\":\"https:\\\/\\\/ranoja.ee\\\/\",\"logo\":{\"@type\":\"ImageObject\",\"inLanguage\":\"en-US\",\"@id\":\"https:\\\/\\\/ranoja.ee\\\/#\\\/schema\\\/logo\\\/image\\\/\",\"url\":\"https:\\\/\\\/ranoja.ee\\\/wp-content\\\/uploads\\\/2023\\\/11\\\/ranoja-Logo.png\",\"contentUrl\":\"https:\\\/\\\/ranoja.ee\\\/wp-content\\\/uploads\\\/2023\\\/11\\\/ranoja-Logo.png\",\"width\":207,\"height\":58,\"caption\":\"Ranoja O\u00dc\"},\"image\":{\"@id\":\"https:\\\/\\\/ranoja.ee\\\/#\\\/schema\\\/logo\\\/image\\\/\"},\"sameAs\":[\"https:\\\/\\\/www.facebook.com\\\/ranoja.ee\",\"https:\\\/\\\/www.instagram.com\\\/ranoja__\\\/\"]}]}<\/script>\n<!-- \/ Yoast SEO plugin. -->","yoast_head_json":{"title":"Contact - Ranoja kontakt-Ranoja-ehitustehnika m\u00fc\u00fck-aiatehnika m\u00fc\u00fck","description":"Oleme Lumag GmbH ja CEDRUS POLSKA seadmete ning varuosade edasim\u00fc\u00fcja Eestis. Pakume k\u00f5ikidele Lumag ja Cedrus toodetele remonti ning hooldust. Omame kogemust seadmetega juba \u00fcle 5 aasta.","robots":{"index":"index","follow":"follow","max-snippet":"max-snippet:-1","max-image-preview":"max-image-preview:large","max-video-preview":"max-video-preview:-1"},"canonical":"https:\/\/ranoja.ee\/kontakt-ranoja-ehitustehnika-muuk-aiatehnika-muuk\/","og_locale":"en_US","og_type":"article","og_title":"Contact - Ranoja kontakt-Ranoja-ehitustehnika m\u00fc\u00fck-aiatehnika m\u00fc\u00fck","og_description":"Oleme Lumag GmbH ja CEDRUS POLSKA seadmete ning varuosade edasim\u00fc\u00fcja Eestis. Pakume k\u00f5ikidele Lumag ja Cedrus toodetele remonti ning hooldust. Omame kogemust seadmetega juba \u00fcle 5 aasta.","og_url":"https:\/\/ranoja.ee\/kontakt-ranoja-ehitustehnika-muuk-aiatehnika-muuk\/","og_site_name":"Ranoja","article_publisher":"https:\/\/www.facebook.com\/ranoja.ee","article_modified_time":"2024-04-06T10:02:35+00:00","og_image":[{"url":"https:\/\/www.ranoja.ee\/wp-content\/uploads\/2023\/11\/viber_image_2023-11-30_15-15-00-677-1024x469.jpg","type":"","width":"","height":""}],"twitter_card":"summary_large_image","twitter_misc":{"Est. reading time":"1 minute"},"schema":{"@context":"https:\/\/schema.org","@graph":[{"@type":"WebPage","@id":"https:\/\/ranoja.ee\/kontakt-ranoja-ehitustehnika-muuk-aiatehnika-muuk\/","url":"https:\/\/ranoja.ee\/kontakt-ranoja-ehitustehnika-muuk-aiatehnika-muuk\/","name":"Contact - Ranoja kontakt-Ranoja-ehitustehnika m\u00fc\u00fck-aiatehnika m\u00fc\u00fck","isPartOf":{"@id":"https:\/\/ranoja.ee\/#website"},"primaryImageOfPage":{"@id":"https:\/\/ranoja.ee\/kontakt-ranoja-ehitustehnika-muuk-aiatehnika-muuk\/#primaryimage"},"image":{"@id":"https:\/\/ranoja.ee\/kontakt-ranoja-ehitustehnika-muuk-aiatehnika-muuk\/#primaryimage"},"thumbnailUrl":"https:\/\/www.ranoja.ee\/wp-content\/uploads\/2023\/11\/viber_image_2023-11-30_15-15-00-677-1024x469.jpg","datePublished":"2022-08-26T05:42:39+00:00","dateModified":"2024-04-06T10:02:35+00:00","description":"Oleme Lumag GmbH ja CEDRUS POLSKA seadmete ning varuosade edasim\u00fc\u00fcja Eestis. Pakume k\u00f5ikidele Lumag ja Cedrus toodetele remonti ning hooldust. Omame kogemust seadmetega juba \u00fcle 5 aasta.","breadcrumb":{"@id":"https:\/\/ranoja.ee\/kontakt-ranoja-ehitustehnika-muuk-aiatehnika-muuk\/#breadcrumb"},"inLanguage":"en-US","potentialAction":[{"@type":"ReadAction","target":["https:\/\/ranoja.ee\/kontakt-ranoja-ehitustehnika-muuk-aiatehnika-muuk\/"]}]},{"@type":"ImageObject","inLanguage":"en-US","@id":"https:\/\/ranoja.ee\/kontakt-ranoja-ehitustehnika-muuk-aiatehnika-muuk\/#primaryimage","url":"https:\/\/www.ranoja.ee\/wp-content\/uploads\/2023\/11\/viber_image_2023-11-30_15-15-00-677-1024x469.jpg","contentUrl":"https:\/\/www.ranoja.ee\/wp-content\/uploads\/2023\/11\/viber_image_2023-11-30_15-15-00-677-1024x469.jpg"},{"@type":"BreadcrumbList","@id":"https:\/\/ranoja.ee\/kontakt-ranoja-ehitustehnika-muuk-aiatehnika-muuk\/#breadcrumb","itemListElement":[{"@type":"ListItem","position":1,"name":"Home","item":"https:\/\/ranoja.ee\/"},{"@type":"ListItem","position":2,"name":"Contact"}]},{"@type":"WebSite","@id":"https:\/\/ranoja.ee\/#website","url":"https:\/\/ranoja.ee\/","name":"Ranoja","description":"Equipment Shop WooCommerce WordPress Theme for Machine &amp; Tools","publisher":{"@id":"https:\/\/ranoja.ee\/#organization"},"potentialAction":[{"@type":"SearchAction","target":{"@type":"EntryPoint","urlTemplate":"https:\/\/ranoja.ee\/?s={search_term_string}"},"query-input":{"@type":"PropertyValueSpecification","valueRequired":true,"valueName":"search_term_string"}}],"inLanguage":"en-US"},{"@type":"Organization","@id":"https:\/\/ranoja.ee\/#organization","name":"Ranoja O\u00dc","url":"https:\/\/ranoja.ee\/","logo":{"@type":"ImageObject","inLanguage":"en-US","@id":"https:\/\/ranoja.ee\/#\/schema\/logo\/image\/","url":"https:\/\/ranoja.ee\/wp-content\/uploads\/2023\/11\/ranoja-Logo.png","contentUrl":"https:\/\/ranoja.ee\/wp-content\/uploads\/2023\/11\/ranoja-Logo.png","width":207,"height":58,"caption":"Ranoja O\u00dc"},"image":{"@id":"https:\/\/ranoja.ee\/#\/schema\/logo\/image\/"},"sameAs":["https:\/\/www.facebook.com\/ranoja.ee","https:\/\/www.instagram.com\/ranoja__\/"]}]}},"_links":{"self":[{"href":"https:\/\/ranoja.ee\/en\/wp-json\/wp\/v2\/pages\/8887","targetHints":{"allow":["GET"]}}],"collection":[{"href":"https:\/\/ranoja.ee\/en\/wp-json\/wp\/v2\/pages"}],"about":[{"href":"https:\/\/ranoja.ee\/en\/wp-json\/wp\/v2\/types\/page"}],"author":[{"embeddable":true,"href":"https:\/\/ranoja.ee\/en\/wp-json\/wp\/v2\/users\/5"}],"replies":[{"embeddable":true,"href":"https:\/\/ranoja.ee\/en\/wp-json\/wp\/v2\/comments?post=8887"}],"version-history":[{"count":4,"href":"https:\/\/ranoja.ee\/en\/wp-json\/wp\/v2\/pages\/8887\/revisions"}],"predecessor-version":[{"id":8891,"href":"https:\/\/ranoja.ee\/en\/wp-json\/wp\/v2\/pages\/8887\/revisions\/8891"}],"wp:attachment":[{"href":"https:\/\/ranoja.ee\/en\/wp-json\/wp\/v2\/media?parent=8887"}],"curies":[{"name":"wp","href":"https:\/\/api.w.org\/{rel}","templated":true}]}}