{"id":8835,"date":"2023-06-13T11:04:15","date_gmt":"2023-06-13T08:04:15","guid":{"rendered":"https:\/\/www.ranoja.ee\/aiatehnika-ja-ehitustehnka-rent-jarvamaal\/"},"modified":"2024-04-09T12:48:03","modified_gmt":"2024-04-09T09:48:03","slug":"rental-equipment","status":"publish","type":"page","link":"https:\/\/ranoja.ee\/en\/rental-equipment\/","title":{"rendered":"Rental equipment"},"content":{"rendered":"\t\t<div data-elementor-type=\"wp-page\" data-elementor-id=\"8835\" class=\"elementor elementor-8835 elementor-2370\" data-elementor-post-type=\"page\">\n\t\t\t\t\t\t<section class=\"elementor-section elementor-top-section elementor-element elementor-element-7280da3 elementor-section-boxed elementor-section-height-default elementor-section-height-default\" data-id=\"7280da3\" data-element_type=\"section\" data-e-type=\"section\">\n\t\t\t\t\t\t<div class=\"elementor-container elementor-column-gap-default\">\n\t\t\t\t\t<div class=\"elementor-column elementor-col-100 elementor-top-column elementor-element elementor-element-be2ab7b\" data-id=\"be2ab7b\" data-element_type=\"column\" data-e-type=\"column\">\n\t\t\t<div class=\"elementor-widget-wrap elementor-element-populated\">\n\t\t\t\t\t\t<div class=\"elementor-element elementor-element-9229205 elementor-widget elementor-widget-text-editor\" data-id=\"9229205\" data-element_type=\"widget\" data-e-type=\"widget\" data-widget_type=\"text-editor.default\">\n\t\t\t\t<div class=\"elementor-widget-container\">\n\t\t\t\t\t\t\t\t\t<h2 class=\"has-text-align-center has-medium-font-size\">Please notify us of your desire to rent at ranoja@ranoja.ee or phone +372 53736384!<\/h2><h2 class=\"has-text-align-center has-vivid-red-color has-text-color has-medium-font-size\">We are open Mon-Fri 9:00-17:30 (by appointment also on the weekend)<\/h2><h2 class=\"has-text-align-center has-black-color has-text-color has-medium-font-size\">The rental point is located at: Ranoja O\u00dc, Paide linn, P\u00e4rnu 116b (behind Jazz laundromat)<\/h2><h2 class=\"has-text-align-center has-black-color has-text-color has-medium-font-size\"><br \/>We also offer transport to the object by agreement.<br \/>You can familiarize yourself with the rental conditions <a href=\"https:\/\/www.ranoja.ee\/en\/rental-conditions\/\">here<\/a>.<\/h2><h3 class=\"has-text-align-center has-vivid-red-color has-text-color has-medium-font-size\"><br \/>Attention!<\/h3><h3>The devices must be returned clean and with a full fuel tank!<\/h3>\t\t\t\t\t\t\t\t<\/div>\n\t\t\t\t<\/div>\n\t\t\t\t<div class=\"elementor-element elementor-element-986792f arrow-style-1 elementor-widget elementor-widget-allegro2-products\" data-id=\"986792f\" data-element_type=\"widget\" data-e-type=\"widget\" data-widget_type=\"allegro2-products.default\">\n\t\t\t\t<div class=\"elementor-widget-container\">\n\t\t\t\t\t<div class=\"woocommerce columns-4  columns-tablet-2 columns-mobile-1\"><\/div>\t\t\t\t<\/div>\n\t\t\t\t<\/div>\n\t\t\t\t\t<\/div>\n\t\t<\/div>\n\t\t\t\t\t<\/div>\n\t\t<\/section>\n\t\t\t\t<\/div>\n\t\t","protected":false},"excerpt":{"rendered":"<p>Please notify us of your desire to rent at ranoja@ranoja.ee or phone +372 53736384! We are open Mon-Fri 9:00-17:30 (by appointment also on the weekend) The rental point is located at: Ranoja O\u00dc, Paide linn, P\u00e4rnu 116b (behind Jazz laundromat) We also offer transport to the object by agreement.You can familiarize yourself with the rental [&hellip;]<\/p>\n","protected":false},"author":5,"featured_media":0,"parent":0,"menu_order":0,"comment_status":"closed","ping_status":"closed","template":"","meta":{"inline_featured_image":false,"footnotes":""},"class_list":["post-8835","page","type-page","status-publish","hentry"],"yoast_head":"<!-- This site is optimized with the Yoast SEO plugin v27.4 - https:\/\/yoast.com\/product\/yoast-seo-wordpress\/ -->\n<title>Aiatehnika ja ehitustehnka rent J\u00e4rvamaal!<\/title>\n<meta name=\"description\" content=\"Aiatehnika ja ehitustehnka rent J\u00e4rvamaal! oksapurustajat, k\u00e4nnufreesi, pinnasetihendajaid, t\u00e4navaharju, mullafrees, halumasin ja muu\" \/>\n<meta name=\"robots\" content=\"index, follow, max-snippet:-1, max-image-preview:large, max-video-preview:-1\" \/>\n<link rel=\"canonical\" href=\"https:\/\/ranoja.ee\/aiatehnika-ja-ehitustehnka-rent-jarvamaal\/\" \/>\n<meta property=\"og:locale\" content=\"en_US\" \/>\n<meta property=\"og:type\" content=\"article\" \/>\n<meta property=\"og:title\" content=\"Aiatehnika ja ehitustehnka rent J\u00e4rvamaal!\" \/>\n<meta property=\"og:description\" content=\"Aiatehnika ja ehitustehnka rent J\u00e4rvamaal! oksapurustajat, k\u00e4nnufreesi, pinnasetihendajaid, t\u00e4navaharju, mullafrees, halumasin ja muu\" \/>\n<meta property=\"og:url\" content=\"https:\/\/ranoja.ee\/aiatehnika-ja-ehitustehnka-rent-jarvamaal\/\" \/>\n<meta property=\"og:site_name\" content=\"Ranoja\" \/>\n<meta property=\"article:publisher\" content=\"https:\/\/www.facebook.com\/ranoja.ee\" \/>\n<meta property=\"article:modified_time\" content=\"2024-04-09T09:48:03+00:00\" \/>\n<meta property=\"og:image\" content=\"https:\/\/www.ranoja.ee\/wp-content\/uploads\/2024\/04\/Trassifreesi-rent-jarvmaal-460x460.jpg\" \/>\n<meta name=\"twitter:card\" content=\"summary_large_image\" \/>\n<meta name=\"twitter:label1\" content=\"Est. reading time\" \/>\n\t<meta name=\"twitter:data1\" content=\"1 minute\" \/>\n<script type=\"application\/ld+json\" class=\"yoast-schema-graph\">{\"@context\":\"https:\\\/\\\/schema.org\",\"@graph\":[{\"@type\":\"WebPage\",\"@id\":\"https:\\\/\\\/ranoja.ee\\\/aiatehnika-ja-ehitustehnka-rent-jarvamaal\\\/\",\"url\":\"https:\\\/\\\/ranoja.ee\\\/aiatehnika-ja-ehitustehnka-rent-jarvamaal\\\/\",\"name\":\"Aiatehnika ja ehitustehnka rent J\u00e4rvamaal!\",\"isPartOf\":{\"@id\":\"https:\\\/\\\/ranoja.ee\\\/#website\"},\"primaryImageOfPage\":{\"@id\":\"https:\\\/\\\/ranoja.ee\\\/aiatehnika-ja-ehitustehnka-rent-jarvamaal\\\/#primaryimage\"},\"image\":{\"@id\":\"https:\\\/\\\/ranoja.ee\\\/aiatehnika-ja-ehitustehnka-rent-jarvamaal\\\/#primaryimage\"},\"thumbnailUrl\":\"https:\\\/\\\/www.ranoja.ee\\\/wp-content\\\/uploads\\\/2024\\\/04\\\/Trassifreesi-rent-jarvmaal-460x460.jpg\",\"datePublished\":\"2023-06-13T08:04:15+00:00\",\"dateModified\":\"2024-04-09T09:48:03+00:00\",\"description\":\"Aiatehnika ja ehitustehnka rent J\u00e4rvamaal! oksapurustajat, k\u00e4nnufreesi, pinnasetihendajaid, t\u00e4navaharju, mullafrees, halumasin ja muu\",\"breadcrumb\":{\"@id\":\"https:\\\/\\\/ranoja.ee\\\/aiatehnika-ja-ehitustehnka-rent-jarvamaal\\\/#breadcrumb\"},\"inLanguage\":\"en-US\",\"potentialAction\":[{\"@type\":\"ReadAction\",\"target\":[\"https:\\\/\\\/ranoja.ee\\\/aiatehnika-ja-ehitustehnka-rent-jarvamaal\\\/\"]}]},{\"@type\":\"ImageObject\",\"inLanguage\":\"en-US\",\"@id\":\"https:\\\/\\\/ranoja.ee\\\/aiatehnika-ja-ehitustehnka-rent-jarvamaal\\\/#primaryimage\",\"url\":\"https:\\\/\\\/www.ranoja.ee\\\/wp-content\\\/uploads\\\/2024\\\/04\\\/Trassifreesi-rent-jarvmaal-460x460.jpg\",\"contentUrl\":\"https:\\\/\\\/www.ranoja.ee\\\/wp-content\\\/uploads\\\/2024\\\/04\\\/Trassifreesi-rent-jarvmaal-460x460.jpg\"},{\"@type\":\"BreadcrumbList\",\"@id\":\"https:\\\/\\\/ranoja.ee\\\/aiatehnika-ja-ehitustehnka-rent-jarvamaal\\\/#breadcrumb\",\"itemListElement\":[{\"@type\":\"ListItem\",\"position\":1,\"name\":\"Home\",\"item\":\"https:\\\/\\\/ranoja.ee\\\/\"},{\"@type\":\"ListItem\",\"position\":2,\"name\":\"Rental equipment\"}]},{\"@type\":\"WebSite\",\"@id\":\"https:\\\/\\\/ranoja.ee\\\/#website\",\"url\":\"https:\\\/\\\/ranoja.ee\\\/\",\"name\":\"Ranoja\",\"description\":\"Equipment Shop WooCommerce WordPress Theme for Machine &amp; Tools\",\"publisher\":{\"@id\":\"https:\\\/\\\/ranoja.ee\\\/#organization\"},\"potentialAction\":[{\"@type\":\"SearchAction\",\"target\":{\"@type\":\"EntryPoint\",\"urlTemplate\":\"https:\\\/\\\/ranoja.ee\\\/?s={search_term_string}\"},\"query-input\":{\"@type\":\"PropertyValueSpecification\",\"valueRequired\":true,\"valueName\":\"search_term_string\"}}],\"inLanguage\":\"en-US\"},{\"@type\":\"Organization\",\"@id\":\"https:\\\/\\\/ranoja.ee\\\/#organization\",\"name\":\"Ranoja O\u00dc\",\"url\":\"https:\\\/\\\/ranoja.ee\\\/\",\"logo\":{\"@type\":\"ImageObject\",\"inLanguage\":\"en-US\",\"@id\":\"https:\\\/\\\/ranoja.ee\\\/#\\\/schema\\\/logo\\\/image\\\/\",\"url\":\"https:\\\/\\\/ranoja.ee\\\/wp-content\\\/uploads\\\/2023\\\/11\\\/ranoja-Logo.png\",\"contentUrl\":\"https:\\\/\\\/ranoja.ee\\\/wp-content\\\/uploads\\\/2023\\\/11\\\/ranoja-Logo.png\",\"width\":207,\"height\":58,\"caption\":\"Ranoja O\u00dc\"},\"image\":{\"@id\":\"https:\\\/\\\/ranoja.ee\\\/#\\\/schema\\\/logo\\\/image\\\/\"},\"sameAs\":[\"https:\\\/\\\/www.facebook.com\\\/ranoja.ee\",\"https:\\\/\\\/www.instagram.com\\\/ranoja__\\\/\"]}]}<\/script>\n<!-- \/ Yoast SEO plugin. -->","yoast_head_json":{"title":"Aiatehnika ja ehitustehnka rent J\u00e4rvamaal!","description":"Aiatehnika ja ehitustehnka rent J\u00e4rvamaal! oksapurustajat, k\u00e4nnufreesi, pinnasetihendajaid, t\u00e4navaharju, mullafrees, halumasin ja muu","robots":{"index":"index","follow":"follow","max-snippet":"max-snippet:-1","max-image-preview":"max-image-preview:large","max-video-preview":"max-video-preview:-1"},"canonical":"https:\/\/ranoja.ee\/aiatehnika-ja-ehitustehnka-rent-jarvamaal\/","og_locale":"en_US","og_type":"article","og_title":"Aiatehnika ja ehitustehnka rent J\u00e4rvamaal!","og_description":"Aiatehnika ja ehitustehnka rent J\u00e4rvamaal! oksapurustajat, k\u00e4nnufreesi, pinnasetihendajaid, t\u00e4navaharju, mullafrees, halumasin ja muu","og_url":"https:\/\/ranoja.ee\/aiatehnika-ja-ehitustehnka-rent-jarvamaal\/","og_site_name":"Ranoja","article_publisher":"https:\/\/www.facebook.com\/ranoja.ee","article_modified_time":"2024-04-09T09:48:03+00:00","og_image":[{"url":"https:\/\/www.ranoja.ee\/wp-content\/uploads\/2024\/04\/Trassifreesi-rent-jarvmaal-460x460.jpg","type":"","width":"","height":""}],"twitter_card":"summary_large_image","twitter_misc":{"Est. reading time":"1 minute"},"schema":{"@context":"https:\/\/schema.org","@graph":[{"@type":"WebPage","@id":"https:\/\/ranoja.ee\/aiatehnika-ja-ehitustehnka-rent-jarvamaal\/","url":"https:\/\/ranoja.ee\/aiatehnika-ja-ehitustehnka-rent-jarvamaal\/","name":"Aiatehnika ja ehitustehnka rent J\u00e4rvamaal!","isPartOf":{"@id":"https:\/\/ranoja.ee\/#website"},"primaryImageOfPage":{"@id":"https:\/\/ranoja.ee\/aiatehnika-ja-ehitustehnka-rent-jarvamaal\/#primaryimage"},"image":{"@id":"https:\/\/ranoja.ee\/aiatehnika-ja-ehitustehnka-rent-jarvamaal\/#primaryimage"},"thumbnailUrl":"https:\/\/www.ranoja.ee\/wp-content\/uploads\/2024\/04\/Trassifreesi-rent-jarvmaal-460x460.jpg","datePublished":"2023-06-13T08:04:15+00:00","dateModified":"2024-04-09T09:48:03+00:00","description":"Aiatehnika ja ehitustehnka rent J\u00e4rvamaal! oksapurustajat, k\u00e4nnufreesi, pinnasetihendajaid, t\u00e4navaharju, mullafrees, halumasin ja muu","breadcrumb":{"@id":"https:\/\/ranoja.ee\/aiatehnika-ja-ehitustehnka-rent-jarvamaal\/#breadcrumb"},"inLanguage":"en-US","potentialAction":[{"@type":"ReadAction","target":["https:\/\/ranoja.ee\/aiatehnika-ja-ehitustehnka-rent-jarvamaal\/"]}]},{"@type":"ImageObject","inLanguage":"en-US","@id":"https:\/\/ranoja.ee\/aiatehnika-ja-ehitustehnka-rent-jarvamaal\/#primaryimage","url":"https:\/\/www.ranoja.ee\/wp-content\/uploads\/2024\/04\/Trassifreesi-rent-jarvmaal-460x460.jpg","contentUrl":"https:\/\/www.ranoja.ee\/wp-content\/uploads\/2024\/04\/Trassifreesi-rent-jarvmaal-460x460.jpg"},{"@type":"BreadcrumbList","@id":"https:\/\/ranoja.ee\/aiatehnika-ja-ehitustehnka-rent-jarvamaal\/#breadcrumb","itemListElement":[{"@type":"ListItem","position":1,"name":"Home","item":"https:\/\/ranoja.ee\/"},{"@type":"ListItem","position":2,"name":"Rental equipment"}]},{"@type":"WebSite","@id":"https:\/\/ranoja.ee\/#website","url":"https:\/\/ranoja.ee\/","name":"Ranoja","description":"Equipment Shop WooCommerce WordPress Theme for Machine &amp; Tools","publisher":{"@id":"https:\/\/ranoja.ee\/#organization"},"potentialAction":[{"@type":"SearchAction","target":{"@type":"EntryPoint","urlTemplate":"https:\/\/ranoja.ee\/?s={search_term_string}"},"query-input":{"@type":"PropertyValueSpecification","valueRequired":true,"valueName":"search_term_string"}}],"inLanguage":"en-US"},{"@type":"Organization","@id":"https:\/\/ranoja.ee\/#organization","name":"Ranoja O\u00dc","url":"https:\/\/ranoja.ee\/","logo":{"@type":"ImageObject","inLanguage":"en-US","@id":"https:\/\/ranoja.ee\/#\/schema\/logo\/image\/","url":"https:\/\/ranoja.ee\/wp-content\/uploads\/2023\/11\/ranoja-Logo.png","contentUrl":"https:\/\/ranoja.ee\/wp-content\/uploads\/2023\/11\/ranoja-Logo.png","width":207,"height":58,"caption":"Ranoja O\u00dc"},"image":{"@id":"https:\/\/ranoja.ee\/#\/schema\/logo\/image\/"},"sameAs":["https:\/\/www.facebook.com\/ranoja.ee","https:\/\/www.instagram.com\/ranoja__\/"]}]}},"_links":{"self":[{"href":"https:\/\/ranoja.ee\/en\/wp-json\/wp\/v2\/pages\/8835","targetHints":{"allow":["GET"]}}],"collection":[{"href":"https:\/\/ranoja.ee\/en\/wp-json\/wp\/v2\/pages"}],"about":[{"href":"https:\/\/ranoja.ee\/en\/wp-json\/wp\/v2\/types\/page"}],"author":[{"embeddable":true,"href":"https:\/\/ranoja.ee\/en\/wp-json\/wp\/v2\/users\/5"}],"replies":[{"embeddable":true,"href":"https:\/\/ranoja.ee\/en\/wp-json\/wp\/v2\/comments?post=8835"}],"version-history":[{"count":52,"href":"https:\/\/ranoja.ee\/en\/wp-json\/wp\/v2\/pages\/8835\/revisions"}],"predecessor-version":[{"id":8990,"href":"https:\/\/ranoja.ee\/en\/wp-json\/wp\/v2\/pages\/8835\/revisions\/8990"}],"wp:attachment":[{"href":"https:\/\/ranoja.ee\/en\/wp-json\/wp\/v2\/media?parent=8835"}],"curies":[{"name":"wp","href":"https:\/\/api.w.org\/{rel}","templated":true}]}}